{"id":22810,"date":"2026-04-11T18:13:44","date_gmt":"2026-04-11T21:13:44","guid":{"rendered":"https:\/\/aventuraputreyork.com\/?post_type=product&#038;p=22810"},"modified":"2026-04-11T18:13:45","modified_gmt":"2026-04-11T21:13:45","slug":"2-dias-y-1-noche-ascenso-al-volcan-guallatire","status":"publish","type":"product","link":"https:\/\/aventuraputreyork.com\/en\/product\/2-dias-y-1-noche-ascenso-al-volcan-guallatire\/","title":{"rendered":"2 D\u00edas y 1 Noche \/\/ Ascenso al Volc\u00e1n Guallatire"},"content":{"rendered":"<h2>Descripci\u00f3n<\/h2>\n<p data-start=\"826\" data-end=\"1189\">Wallatiri, que en aymara significa \u201clugar de guallatas\u201d o gansos andinos, nos invita a explorar los nevados del cord\u00f3n Kimsachata, donde destacan los volcanes Capurata, Acotango y Guallatire. Todas estas cumbres rondan los 6.000 m.s.n.m, siendo el Volc\u00e1n Guallatire (6.063 m.s.n.m) el objetivo principal de esta expedici\u00f3n.<\/p>\n<p data-start=\"1191\" data-end=\"1354\">Se trata de un ascenso de alta dificultad, recomendado para monta\u00f1istas con experiencia y buena preparaci\u00f3n f\u00edsica, donde la altitud y el clima desaf\u00edan cada paso.<\/p>\n<p data-start=\"1191\" data-end=\"1354\"><strong>PRICE<\/strong>.<\/p>\n<p data-start=\"1191\" data-end=\"1354\"><span class=\"a_GcMg font-feature-liga-off font-feature-clig-off font-feature-calt-off text-decoration-none text-strikethrough-none\">Valor por persona $280.000 mil pesos.<\/span><\/p>\n<p class=\"cvGsUA direction-ltr align-justify para-style-body\"><strong><span class=\"a_GcMg font-feature-liga-off font-feature-clig-off font-feature-calt-off text-decoration-underline text-strikethrough-none\">PROMOCI\u00d3N DE TEMPORADA:<\/span><\/strong><\/p>\n<p class=\"cvGsUA direction-ltr align-justify para-style-body\"><strong><span class=\"a_GcMg font-feature-liga-off font-feature-clig-off font-feature-calt-off text-decoration-none text-strikethrough-none\">En reservas confirmadas para 2 participantes, se aplica un 20% de descuento, quedando el valor final en: $230.000 CLP por persona.<\/span><\/strong><\/p>\n<p class=\"cvGsUA direction-ltr align-justify para-style-body\"><strong><span class=\"a_GcMg font-feature-liga-off font-feature-clig-off font-feature-calt-off text-decoration-none text-strikethrough-none\">D\u00eda 1 \u2013 Putre \/ Estancia Chivatambo \/ Experiencia cultural altipl\u00e1nica<\/span><\/strong><\/p>\n<p class=\"cvGsUA direction-ltr align-justify para-style-body\"><span class=\"a_GcMg font-feature-liga-off font-feature-clig-off font-feature-calt-off text-decoration-none text-strikethrough-none\">Salida desde el hotel en Putre a las 15:00 hrs, en direcci\u00f3n al sector altoandino cercano al Volc\u00e1n Guallatiri, atravesando paisajes caracter\u00edsticos del altiplano, con presencia de bofedales, fauna andina y extensas planicies volc\u00e1nicas.El grupo llegar\u00e1 a la Estancia Chivatambo, donde ser\u00e1n recibidos por Don Conrrado Blanco, habitante del sector y criador de alpacas. Durante la visita se compartir\u00e1 una experiencia local vinculada a la ganader\u00eda altipl\u00e1nica y la elaboraci\u00f3n tradicional de charqui (ch\u2019arke), t\u00e9cnica ancestral de conservaci\u00f3n de carne utilizada por las comunidades andinas.La jornada finalizar\u00e1 con una cena en la estancia, compartiendo con la familia local y prepar\u00e1ndose para el ascenso del d\u00eda siguiente.Alojamiento en la zona.<\/span><\/p>\n<p class=\"cvGsUA direction-ltr align-justify para-style-body\"><strong><span class=\"a_GcMg font-feature-liga-off font-feature-clig-off font-feature-calt-off text-decoration-none text-strikethrough-none\">D\u00eda 2 \u2013 Ascenso Volc\u00e1n Guallatiri (6.071 m)<\/span><\/strong><\/p>\n<p class=\"cvGsUA direction-ltr align-justify para-style-body\"><span class=\"a_GcMg font-feature-liga-off font-feature-clig-off font-feature-calt-off text-decoration-none text-strikethrough-none\">Muy temprano por la ma\u00f1ana se servir\u00e1 desayuno, para posteriormente iniciar la jornada de ascenso.Salida aproximadamente entre las 03:00 y 04:00 hrs en veh\u00edculo hacia el sector de aproximaci\u00f3n al volc\u00e1n.Se continuar\u00e1 avanzando por terreno altipl\u00e1nico hasta alcanzar el campo base vehicular a aproximadamente 5.100 metros de altitud, donde se dejar\u00e1 el veh\u00edculo y comenzar\u00e1 el ascenso a pie.Desde este punto se inicia la caminata hacia la cumbre del Volc\u00e1n Guallatiri (6.071 m). El ascenso contempla un desnivel aproximado de 900 metros, con un tiempo estimado de 7 a 8 horas de subida, dependiendo del ritmo del grupo y de las condiciones de la monta\u00f1a.Una vez alcanzada la cumbre y disfrutando de las vistas del altiplano andino, se inicia el descenso, el cual toma aproximadamente 4 horas hasta el punto donde se dej\u00f3 el veh\u00edculo.Posteriormente se realizar\u00e1 el retorno hacia Putre, finalizando la experiencia.<\/span><\/p>\n<p><strong>ACTIVITY REQUIREMENTS<\/strong><\/p>\n<p class=\"translation-block\">\u2022 Be 18 years of age or older.<\/p>\n<p>\u2022 Participants must complete and sign a Risk Assumption form required by SERNATUR, as well as a medical questionnaire that we request at the time of booking the service. Failure to comply with the expedition\u2019s rules, actions, and regulations may result in service cancellation at the discretion of the lead guide, who may declare this explicitly or implicitly.<\/p>\n<p>\u2022 Participants must be in good health and physically prepared for the activity, which involves trekking and mountaineering carrying a backpack weighing between 12 kg and 17 kg over rough terrain, including rocky paths, slopes, snow, ice, and elevation changes.<\/p>\n<p><strong>\u00a0ASSUMED RISKS<\/strong><\/p>\n<p>Any outdoor activity carries inherent risks related to the environment and the activity itself; however, due to the nature of the location and what we will be doing, please take the following points into consideration:<\/p>\n<p>\u2022 We will be in a remote environment, meaning medical assistance will be more than two hours away by vehicle from our Base Camp location.<\/p>\n<p>\u2022 Along the route, there is a risk of falling rocks in the event of tremors or an earthquake.<\/p>\n<p>\u2022 Since we will be at altitudes ranging from 3,500 to 6,063 meters above sea level, we will be exposed to the risk of altitude sickness.<\/p>\n<p>\u2022 Being an arid area with little vegetation, the risk of fire is very low.<\/p>\n<p>\u2022 Other risks such as heat stroke or hypothermia may occur if necessary precautions are not taken.<\/p>\n<p>Expect minimum temperatures around -15\u00b0C and maximum temperatures up to 10\u00b0C.<\/p>\n<p><strong><u>NCLUYE:<\/u><\/strong><\/p>\n<ul>\n<li><span class=\"a_GcMg font-feature-liga-off font-feature-clig-off font-feature-calt-off text-decoration-none text-strikethrough-none\">Transporte Putre \u2013 Estancia Chivatambo \/ Campo Base Vehicular Volc\u00e1n Guallatire \u2013 Putre<\/span><\/li>\n<li>1 specialized tour guide per group of 2 people.<\/li>\n<li>Crampons<\/li>\n<li>Helmet<\/li>\n<li>Ice axe<\/li>\n<li>Trekking poles<\/li>\n<li>Trail rations (snacks\/meals for the trek).<\/li>\n<li><span class=\"a_GcMg font-feature-liga-off font-feature-clig-off font-feature-calt-off text-decoration-none text-strikethrough-none\">Comunicador Satelital Inreach<\/span><\/li>\n<li><span class=\"a_GcMg font-feature-liga-off font-feature-clig-off font-feature-calt-off text-decoration-none text-strikethrough-none\">Radios de comunicacion por guia<\/span><\/li>\n<li>First aid kit<\/li>\n<li><span class=\"a_GcMg font-feature-liga-off font-feature-clig-off font-feature-calt-off text-decoration-none text-strikethrough-none\">Cena y Desayuno en Estancia Chivatambo<\/span><\/li>\n<li>Accident insurance.<\/li>\n<\/ul>\n<p>&nbsp;<\/p>\n<p><strong><u>NOT INCLUDED:<\/u><\/strong><\/p>\n<ul>\n<li>Transportation Arica \u2013 Putre \u2013 Arica (can be arranged, but requires an additional fee).<\/li>\n<li>Accommodation in the town of Putre.<\/li>\n<li>Meals in Putre.<\/li>\n<li>Additional equipment beyond what is described.<\/li>\n<li>Anything not specified in the program.<\/li>\n<\/ul>\n<p>&nbsp;<\/p>","protected":false},"excerpt":{"rendered":"<ul>\n<li><strong>Value in Chilean pesos:<\/strong> $280.000 2D\/1N<\/li>\n<li><strong>People:<\/strong>\u00a0M\u00ednimo 2 Pasajeros, M\u00e1ximo 6<\/li>\n<\/ul>","protected":false},"featured_media":22812,"template":"","meta":[],"product_brand":[],"product_cat":[38],"product_tag":[42,93,94],"class_list":{"0":"post-22810","1":"product","2":"type-product","3":"status-publish","4":"has-post-thumbnail","6":"product_cat-expediciones","7":"product_tag-putre","8":"product_tag-volcan-guallatire","9":"product_tag-volcan-guallatiri","11":"first","12":"instock","13":"virtual","14":"sold-individually","15":"purchasable","16":"product-type-booking"},"yoast_head":"<!-- This site is optimized with the Yoast SEO plugin v27.0 - https:\/\/yoast.com\/product\/yoast-seo-wordpress\/ -->\n<title>2 D\u00edas y 1 Noche \/\/ Ascenso al Volc\u00e1n Guallatire - PutreYork<\/title>\n<meta name=\"robots\" content=\"index, follow, max-snippet:-1, max-image-preview:large, max-video-preview:-1\" \/>\n<link rel=\"canonical\" href=\"https:\/\/aventuraputreyork.com\/en\/product\/2-dias-y-1-noche-ascenso-al-volcan-guallatire\/\" \/>\n<meta property=\"og:locale\" content=\"en_US\" \/>\n<meta property=\"og:type\" content=\"article\" \/>\n<meta property=\"og:title\" content=\"2 D\u00edas y 1 Noche \/\/ Ascenso al Volc\u00e1n Guallatire - PutreYork\" \/>\n<meta property=\"og:description\" content=\"Valor por persona: $280.000 2D\/1N  Personas:\u00a0M\u00ednimo 2 Pasajeros, M\u00e1ximo 6\" \/>\n<meta property=\"og:url\" content=\"https:\/\/aventuraputreyork.com\/en\/product\/2-dias-y-1-noche-ascenso-al-volcan-guallatire\/\" \/>\n<meta property=\"og:site_name\" content=\"PutreYork\" \/>\n<meta property=\"article:publisher\" content=\"https:\/\/web.facebook.com\/aventuraputreyork?_rdc=1&amp;_rdr\" \/>\n<meta property=\"article:modified_time\" content=\"2026-04-11T21:13:45+00:00\" \/>\n<meta property=\"og:image\" content=\"https:\/\/aventuraputreyork.com\/wp-content\/uploads\/2026\/04\/2.3.6.4.5-819x1024.png\" \/>\n\t<meta property=\"og:image:width\" content=\"819\" \/>\n\t<meta property=\"og:image:height\" content=\"1024\" \/>\n\t<meta property=\"og:image:type\" content=\"image\/png\" \/>\n<meta name=\"twitter:card\" content=\"summary_large_image\" \/>\n<meta name=\"twitter:label1\" content=\"Est. reading time\" \/>\n\t<meta name=\"twitter:data1\" content=\"4 minutes\" \/>\n<script type=\"application\/ld+json\" class=\"yoast-schema-graph\">{\"@context\":\"https:\/\/schema.org\",\"@graph\":[{\"@type\":\"WebPage\",\"@id\":\"https:\/\/aventuraputreyork.com\/producto\/2-dias-y-1-noche-ascenso-al-volcan-guallatire\/\",\"url\":\"https:\/\/aventuraputreyork.com\/producto\/2-dias-y-1-noche-ascenso-al-volcan-guallatire\/\",\"name\":\"2 D\u00edas y 1 Noche \/\/ Ascenso al Volc\u00e1n Guallatire - PutreYork\",\"isPartOf\":{\"@id\":\"https:\/\/aventuraputreyork.com\/#website\"},\"primaryImageOfPage\":{\"@id\":\"https:\/\/aventuraputreyork.com\/producto\/2-dias-y-1-noche-ascenso-al-volcan-guallatire\/#primaryimage\"},\"image\":{\"@id\":\"https:\/\/aventuraputreyork.com\/producto\/2-dias-y-1-noche-ascenso-al-volcan-guallatire\/#primaryimage\"},\"thumbnailUrl\":\"https:\/\/aventuraputreyork.com\/wp-content\/uploads\/2026\/04\/2.3.6.4.5-scaled.png\",\"datePublished\":\"2026-04-11T21:13:44+00:00\",\"dateModified\":\"2026-04-11T21:13:45+00:00\",\"breadcrumb\":{\"@id\":\"https:\/\/aventuraputreyork.com\/producto\/2-dias-y-1-noche-ascenso-al-volcan-guallatire\/#breadcrumb\"},\"inLanguage\":\"en-US\",\"potentialAction\":[{\"@type\":\"ReadAction\",\"target\":[\"https:\/\/aventuraputreyork.com\/producto\/2-dias-y-1-noche-ascenso-al-volcan-guallatire\/\"]}]},{\"@type\":\"ImageObject\",\"inLanguage\":\"en-US\",\"@id\":\"https:\/\/aventuraputreyork.com\/producto\/2-dias-y-1-noche-ascenso-al-volcan-guallatire\/#primaryimage\",\"url\":\"https:\/\/aventuraputreyork.com\/wp-content\/uploads\/2026\/04\/2.3.6.4.5-scaled.png\",\"contentUrl\":\"https:\/\/aventuraputreyork.com\/wp-content\/uploads\/2026\/04\/2.3.6.4.5-scaled.png\",\"width\":2048,\"height\":2560},{\"@type\":\"BreadcrumbList\",\"@id\":\"https:\/\/aventuraputreyork.com\/producto\/2-dias-y-1-noche-ascenso-al-volcan-guallatire\/#breadcrumb\",\"itemListElement\":[{\"@type\":\"ListItem\",\"position\":1,\"name\":\"Portada\",\"item\":\"https:\/\/aventuraputreyork.com\/\"},{\"@type\":\"ListItem\",\"position\":2,\"name\":\"Tienda\",\"item\":\"https:\/\/aventuraputreyork.com\/tienda\/\"},{\"@type\":\"ListItem\",\"position\":3,\"name\":\"2 D\u00edas y 1 Noche \/\/ Ascenso al Volc\u00e1n Guallatire\"}]},{\"@type\":\"WebSite\",\"@id\":\"https:\/\/aventuraputreyork.com\/#website\",\"url\":\"https:\/\/aventuraputreyork.com\/\",\"name\":\"PutreYork\",\"description\":\"Agencia de turismo especializada en la regi\u00f3n de Arica y Parinacota\",\"publisher\":{\"@id\":\"https:\/\/aventuraputreyork.com\/#organization\"},\"potentialAction\":[{\"@type\":\"SearchAction\",\"target\":{\"@type\":\"EntryPoint\",\"urlTemplate\":\"https:\/\/aventuraputreyork.com\/?s={search_term_string}\"},\"query-input\":{\"@type\":\"PropertyValueSpecification\",\"valueRequired\":true,\"valueName\":\"search_term_string\"}}],\"inLanguage\":\"en-US\"},{\"@type\":\"Organization\",\"@id\":\"https:\/\/aventuraputreyork.com\/#organization\",\"name\":\"PutreYork\",\"url\":\"https:\/\/aventuraputreyork.com\/\",\"logo\":{\"@type\":\"ImageObject\",\"inLanguage\":\"en-US\",\"@id\":\"https:\/\/aventuraputreyork.com\/#\/schema\/logo\/image\/\",\"url\":\"https:\/\/aventuraputreyork.com\/wp-content\/uploads\/2023\/06\/aventura-putreyork-jpg.jpg\",\"contentUrl\":\"https:\/\/aventuraputreyork.com\/wp-content\/uploads\/2023\/06\/aventura-putreyork-jpg.jpg\",\"width\":1500,\"height\":1500,\"caption\":\"PutreYork\"},\"image\":{\"@id\":\"https:\/\/aventuraputreyork.com\/#\/schema\/logo\/image\/\"},\"sameAs\":[\"https:\/\/web.facebook.com\/aventuraputreyork?_rdc=1&_rdr\",\"https:\/\/www.instagram.com\/aventuraputreyork\/\",\"https:\/\/www.youtube.com\/@putreyork8925\"]}]}<\/script>\n<!-- \/ Yoast SEO plugin. -->","yoast_head_json":{"title":"2 D\u00edas y 1 Noche \/\/ Ascenso al Volc\u00e1n Guallatire - PutreYork","robots":{"index":"index","follow":"follow","max-snippet":"max-snippet:-1","max-image-preview":"max-image-preview:large","max-video-preview":"max-video-preview:-1"},"canonical":"https:\/\/aventuraputreyork.com\/en\/product\/2-dias-y-1-noche-ascenso-al-volcan-guallatire\/","og_locale":"en_US","og_type":"article","og_title":"2 D\u00edas y 1 Noche \/\/ Ascenso al Volc\u00e1n Guallatire - PutreYork","og_description":"Valor por persona: $280.000 2D\/1N  Personas:\u00a0M\u00ednimo 2 Pasajeros, M\u00e1ximo 6","og_url":"https:\/\/aventuraputreyork.com\/en\/product\/2-dias-y-1-noche-ascenso-al-volcan-guallatire\/","og_site_name":"PutreYork","article_publisher":"https:\/\/web.facebook.com\/aventuraputreyork?_rdc=1&_rdr","article_modified_time":"2026-04-11T21:13:45+00:00","og_image":[{"width":819,"height":1024,"url":"https:\/\/aventuraputreyork.com\/wp-content\/uploads\/2026\/04\/2.3.6.4.5-819x1024.png","type":"image\/png"}],"twitter_card":"summary_large_image","twitter_misc":{"Est. reading time":"4 minutes"},"schema":{"@context":"https:\/\/schema.org","@graph":[{"@type":"WebPage","@id":"https:\/\/aventuraputreyork.com\/producto\/2-dias-y-1-noche-ascenso-al-volcan-guallatire\/","url":"https:\/\/aventuraputreyork.com\/producto\/2-dias-y-1-noche-ascenso-al-volcan-guallatire\/","name":"2 D\u00edas y 1 Noche \/\/ Ascenso al Volc\u00e1n Guallatire - PutreYork","isPartOf":{"@id":"https:\/\/aventuraputreyork.com\/#website"},"primaryImageOfPage":{"@id":"https:\/\/aventuraputreyork.com\/producto\/2-dias-y-1-noche-ascenso-al-volcan-guallatire\/#primaryimage"},"image":{"@id":"https:\/\/aventuraputreyork.com\/producto\/2-dias-y-1-noche-ascenso-al-volcan-guallatire\/#primaryimage"},"thumbnailUrl":"https:\/\/aventuraputreyork.com\/wp-content\/uploads\/2026\/04\/2.3.6.4.5-scaled.png","datePublished":"2026-04-11T21:13:44+00:00","dateModified":"2026-04-11T21:13:45+00:00","breadcrumb":{"@id":"https:\/\/aventuraputreyork.com\/producto\/2-dias-y-1-noche-ascenso-al-volcan-guallatire\/#breadcrumb"},"inLanguage":"en-US","potentialAction":[{"@type":"ReadAction","target":["https:\/\/aventuraputreyork.com\/producto\/2-dias-y-1-noche-ascenso-al-volcan-guallatire\/"]}]},{"@type":"ImageObject","inLanguage":"en-US","@id":"https:\/\/aventuraputreyork.com\/producto\/2-dias-y-1-noche-ascenso-al-volcan-guallatire\/#primaryimage","url":"https:\/\/aventuraputreyork.com\/wp-content\/uploads\/2026\/04\/2.3.6.4.5-scaled.png","contentUrl":"https:\/\/aventuraputreyork.com\/wp-content\/uploads\/2026\/04\/2.3.6.4.5-scaled.png","width":2048,"height":2560},{"@type":"BreadcrumbList","@id":"https:\/\/aventuraputreyork.com\/producto\/2-dias-y-1-noche-ascenso-al-volcan-guallatire\/#breadcrumb","itemListElement":[{"@type":"ListItem","position":1,"name":"Portada","item":"https:\/\/aventuraputreyork.com\/"},{"@type":"ListItem","position":2,"name":"Tienda","item":"https:\/\/aventuraputreyork.com\/tienda\/"},{"@type":"ListItem","position":3,"name":"2 D\u00edas y 1 Noche \/\/ Ascenso al Volc\u00e1n Guallatire"}]},{"@type":"WebSite","@id":"https:\/\/aventuraputreyork.com\/#website","url":"https:\/\/aventuraputreyork.com\/","name":"PutreYork","description":"Agencia de turismo especializada en la regi\u00f3n de Arica y Parinacota","publisher":{"@id":"https:\/\/aventuraputreyork.com\/#organization"},"potentialAction":[{"@type":"SearchAction","target":{"@type":"EntryPoint","urlTemplate":"https:\/\/aventuraputreyork.com\/?s={search_term_string}"},"query-input":{"@type":"PropertyValueSpecification","valueRequired":true,"valueName":"search_term_string"}}],"inLanguage":"en-US"},{"@type":"Organization","@id":"https:\/\/aventuraputreyork.com\/#organization","name":"PutreYork","url":"https:\/\/aventuraputreyork.com\/","logo":{"@type":"ImageObject","inLanguage":"en-US","@id":"https:\/\/aventuraputreyork.com\/#\/schema\/logo\/image\/","url":"https:\/\/aventuraputreyork.com\/wp-content\/uploads\/2023\/06\/aventura-putreyork-jpg.jpg","contentUrl":"https:\/\/aventuraputreyork.com\/wp-content\/uploads\/2023\/06\/aventura-putreyork-jpg.jpg","width":1500,"height":1500,"caption":"PutreYork"},"image":{"@id":"https:\/\/aventuraputreyork.com\/#\/schema\/logo\/image\/"},"sameAs":["https:\/\/web.facebook.com\/aventuraputreyork?_rdc=1&_rdr","https:\/\/www.instagram.com\/aventuraputreyork\/","https:\/\/www.youtube.com\/@putreyork8925"]}]}},"_links":{"self":[{"href":"https:\/\/aventuraputreyork.com\/en\/wp-json\/wp\/v2\/product\/22810","targetHints":{"allow":["GET"]}}],"collection":[{"href":"https:\/\/aventuraputreyork.com\/en\/wp-json\/wp\/v2\/product"}],"about":[{"href":"https:\/\/aventuraputreyork.com\/en\/wp-json\/wp\/v2\/types\/product"}],"version-history":[{"count":1,"href":"https:\/\/aventuraputreyork.com\/en\/wp-json\/wp\/v2\/product\/22810\/revisions"}],"predecessor-version":[{"id":22822,"href":"https:\/\/aventuraputreyork.com\/en\/wp-json\/wp\/v2\/product\/22810\/revisions\/22822"}],"wp:featuredmedia":[{"embeddable":true,"href":"https:\/\/aventuraputreyork.com\/en\/wp-json\/wp\/v2\/media\/22812"}],"wp:attachment":[{"href":"https:\/\/aventuraputreyork.com\/en\/wp-json\/wp\/v2\/media?parent=22810"}],"wp:term":[{"taxonomy":"product_brand","embeddable":true,"href":"https:\/\/aventuraputreyork.com\/en\/wp-json\/wp\/v2\/product_brand?post=22810"},{"taxonomy":"product_cat","embeddable":true,"href":"https:\/\/aventuraputreyork.com\/en\/wp-json\/wp\/v2\/product_cat?post=22810"},{"taxonomy":"product_tag","embeddable":true,"href":"https:\/\/aventuraputreyork.com\/en\/wp-json\/wp\/v2\/product_tag?post=22810"}],"curies":[{"name":"wp","href":"https:\/\/api.w.org\/{rel}","templated":true}]}}