{"id":22440,"date":"2025-12-18T13:53:29","date_gmt":"2025-12-18T16:53:29","guid":{"rendered":"https:\/\/aventuraputreyork.com\/?post_type=product&#038;p=22440"},"modified":"2025-12-18T14:29:42","modified_gmt":"2025-12-18T17:29:42","slug":"programa-ano-nuevo-y-verano-en-iquique","status":"publish","type":"product","link":"https:\/\/aventuraputreyork.com\/en\/product\/programa-ano-nuevo-y-verano-en-iquique\/","title":{"rendered":"Programa A\u00f1o Nuevo y Verano en Iquique"},"content":{"rendered":"<p>Pampa Hotel Boutique tiene jard\u00edn, sal\u00f3n de uso com\u00fan, terraza y bar en Iquique. Este hotel de 3 estrellas ofrece mostrador de informaci\u00f3n tur\u00edstica y guardaequipaje. El alojamiento dispone de recepci\u00f3n 24 horas, traslado para ir o volver del aeropuerto, servicio de habitaciones y wifi gratis en todo el alojamiento.<\/p>\n<p>En el hotel, cada habitaci\u00f3n dispone de armario y TV de pantalla plana. Las habitaciones est\u00e1n equipadas con hervidor y ba\u00f1o privado con ducha y art\u00edculos de aseo gratuitos. Algunas de las habitaciones tambi\u00e9n ofrecen cocina con nevera. En Pampa Hotel Boutique, cada habitaci\u00f3n incluye ropa de cama y toallas.<\/p>\n<p>En el alojamiento se puede disfrutar de un desayuno continental o vegetariano.<\/p>\n<p>La clientela puede practicar actividades en Iquique y alrededores, como ciclismo.<\/p>\n<p>Cerca del alojamiento hay puntos de inter\u00e9s como Playa Cavancha, Barrio Ingl\u00e9s y Centro cultural Palacio Astoreca. El aeropuerto (Aeropuerto Internacional Diego Aracena) est\u00e1 a 36 km.<\/p>\n<div><b>Programas\u00a04 D\u00edas\u00a0&#8211; 3 Noches.<\/b><\/div>\n<div><b>Todo Incluido<\/b><\/div>\n<div><\/div>\n<div>\n<div><b>Fechas confirmadas<\/b><\/div>\n<div><b>31 Diciembre al 3 de Enero 2026<\/b><\/div>\n<div><b>22 al 24 de Enero 2026<\/b><\/div>\n<div><b>\u00a0<\/b><\/div>\n<div><b>Tambi\u00e9n se puede ejecutar en otras fechas. Previa coordinaci\u00f3n.<\/b><\/div>\n<\/div>\n<div><\/div>\n<div>\n<div><b>Tarifas<\/b><\/div>\n<div><b>&#8211; USD 620 x persona.\u00a0<\/b><\/div>\n<div><b>-$570.000 x persona. IVA incluido<\/b><\/div>\n<\/div>","protected":false},"excerpt":{"rendered":"<div><b>Programas\u00a04 D\u00edas\u00a0&#8211; 3 Noches.<\/b><\/div>\n<div><b>Todo Incluido<\/b><\/div>\n<div><\/div>\n<div>\n<div><b>Fechas confirmadas<\/b><\/div>\n<div><b>31 Diciembre al 3 de Enero 2026<\/b><\/div>\n<div><b>22 al 24 de Enero 2026<\/b><\/div>\n<div><b>\u00a0<\/b><\/div>\n<div><b>Tambi\u00e9n se puede ejecutar en otras fechas. Previa coordinaci\u00f3n.<\/b><\/div>\n<\/div>\n<div><\/div>\n<div>\n<div><b>Tarifas<\/b><\/div>\n<div><b>&#8211; USD 620 x persona.\u00a0<\/b><\/div>\n<div><b>&#8211; $570.000 x persona. IVA incluido<\/b><\/div>\n<\/div>","protected":false},"featured_media":22442,"template":"","meta":[],"product_brand":[],"product_cat":[25],"product_tag":[],"class_list":{"0":"post-22440","1":"product","2":"type-product","3":"status-publish","4":"has-post-thumbnail","6":"product_cat-all-inclusive","8":"first","9":"instock","10":"featured","11":"virtual","12":"sold-individually","13":"purchasable","14":"product-type-booking"},"yoast_head":"<!-- This site is optimized with the Yoast SEO plugin v27.0 - https:\/\/yoast.com\/product\/yoast-seo-wordpress\/ -->\n<title>Programa A\u00f1o Nuevo y Verano en Iquique - PutreYork<\/title>\n<meta name=\"robots\" content=\"index, follow, max-snippet:-1, max-image-preview:large, max-video-preview:-1\" \/>\n<link rel=\"canonical\" href=\"https:\/\/aventuraputreyork.com\/en\/product\/programa-ano-nuevo-y-verano-en-iquique\/\" \/>\n<meta property=\"og:locale\" content=\"en_US\" \/>\n<meta property=\"og:type\" content=\"article\" \/>\n<meta property=\"og:title\" content=\"Programa A\u00f1o Nuevo y Verano en Iquique - PutreYork\" \/>\n<meta property=\"og:description\" content=\"Programas\u00a04 D\u00edas\u00a0- 3 Noches. Todo Incluido   Fechas confirmadas 31 Diciembre al 3 de Enero 2026 22 al 24 de Enero 2026 \u00a0 Tambi\u00e9n se puede ejecutar en otras fechas. Previa coordinaci\u00f3n.    Tarifas - USD 620 x persona.\u00a0 - $570.000 x persona. IVA incluido\" \/>\n<meta property=\"og:url\" content=\"https:\/\/aventuraputreyork.com\/en\/product\/programa-ano-nuevo-y-verano-en-iquique\/\" \/>\n<meta property=\"og:site_name\" content=\"PutreYork\" \/>\n<meta property=\"article:publisher\" content=\"https:\/\/web.facebook.com\/aventuraputreyork?_rdc=1&amp;_rdr\" \/>\n<meta property=\"article:modified_time\" content=\"2025-12-18T17:29:42+00:00\" \/>\n<meta property=\"og:image\" content=\"https:\/\/aventuraputreyork.com\/wp-content\/uploads\/2025\/12\/696819646.jpg\" \/>\n\t<meta property=\"og:image:width\" content=\"629\" \/>\n\t<meta property=\"og:image:height\" content=\"768\" \/>\n\t<meta property=\"og:image:type\" content=\"image\/jpeg\" \/>\n<meta name=\"twitter:card\" content=\"summary_large_image\" \/>\n<meta name=\"twitter:label1\" content=\"Est. reading time\" \/>\n\t<meta name=\"twitter:data1\" content=\"2 minutes\" \/>\n<script type=\"application\/ld+json\" class=\"yoast-schema-graph\">{\"@context\":\"https:\/\/schema.org\",\"@graph\":[{\"@type\":\"WebPage\",\"@id\":\"https:\/\/aventuraputreyork.com\/producto\/programa-ano-nuevo-y-verano-en-iquique\/\",\"url\":\"https:\/\/aventuraputreyork.com\/producto\/programa-ano-nuevo-y-verano-en-iquique\/\",\"name\":\"Programa A\u00f1o Nuevo y Verano en Iquique - PutreYork\",\"isPartOf\":{\"@id\":\"https:\/\/aventuraputreyork.com\/#website\"},\"primaryImageOfPage\":{\"@id\":\"https:\/\/aventuraputreyork.com\/producto\/programa-ano-nuevo-y-verano-en-iquique\/#primaryimage\"},\"image\":{\"@id\":\"https:\/\/aventuraputreyork.com\/producto\/programa-ano-nuevo-y-verano-en-iquique\/#primaryimage\"},\"thumbnailUrl\":\"https:\/\/aventuraputreyork.com\/wp-content\/uploads\/2025\/12\/696819646.jpg\",\"datePublished\":\"2025-12-18T16:53:29+00:00\",\"dateModified\":\"2025-12-18T17:29:42+00:00\",\"breadcrumb\":{\"@id\":\"https:\/\/aventuraputreyork.com\/producto\/programa-ano-nuevo-y-verano-en-iquique\/#breadcrumb\"},\"inLanguage\":\"en-US\",\"potentialAction\":[{\"@type\":\"ReadAction\",\"target\":[\"https:\/\/aventuraputreyork.com\/producto\/programa-ano-nuevo-y-verano-en-iquique\/\"]}]},{\"@type\":\"ImageObject\",\"inLanguage\":\"en-US\",\"@id\":\"https:\/\/aventuraputreyork.com\/producto\/programa-ano-nuevo-y-verano-en-iquique\/#primaryimage\",\"url\":\"https:\/\/aventuraputreyork.com\/wp-content\/uploads\/2025\/12\/696819646.jpg\",\"contentUrl\":\"https:\/\/aventuraputreyork.com\/wp-content\/uploads\/2025\/12\/696819646.jpg\",\"width\":629,\"height\":768},{\"@type\":\"BreadcrumbList\",\"@id\":\"https:\/\/aventuraputreyork.com\/producto\/programa-ano-nuevo-y-verano-en-iquique\/#breadcrumb\",\"itemListElement\":[{\"@type\":\"ListItem\",\"position\":1,\"name\":\"Portada\",\"item\":\"https:\/\/aventuraputreyork.com\/\"},{\"@type\":\"ListItem\",\"position\":2,\"name\":\"Tienda\",\"item\":\"https:\/\/aventuraputreyork.com\/tienda\/\"},{\"@type\":\"ListItem\",\"position\":3,\"name\":\"Programa A\u00f1o Nuevo y Verano en Iquique\"}]},{\"@type\":\"WebSite\",\"@id\":\"https:\/\/aventuraputreyork.com\/#website\",\"url\":\"https:\/\/aventuraputreyork.com\/\",\"name\":\"PutreYork\",\"description\":\"Agencia de turismo especializada en la regi\u00f3n de Arica y Parinacota\",\"publisher\":{\"@id\":\"https:\/\/aventuraputreyork.com\/#organization\"},\"potentialAction\":[{\"@type\":\"SearchAction\",\"target\":{\"@type\":\"EntryPoint\",\"urlTemplate\":\"https:\/\/aventuraputreyork.com\/?s={search_term_string}\"},\"query-input\":{\"@type\":\"PropertyValueSpecification\",\"valueRequired\":true,\"valueName\":\"search_term_string\"}}],\"inLanguage\":\"en-US\"},{\"@type\":\"Organization\",\"@id\":\"https:\/\/aventuraputreyork.com\/#organization\",\"name\":\"PutreYork\",\"url\":\"https:\/\/aventuraputreyork.com\/\",\"logo\":{\"@type\":\"ImageObject\",\"inLanguage\":\"en-US\",\"@id\":\"https:\/\/aventuraputreyork.com\/#\/schema\/logo\/image\/\",\"url\":\"https:\/\/aventuraputreyork.com\/wp-content\/uploads\/2023\/06\/aventura-putreyork-jpg.jpg\",\"contentUrl\":\"https:\/\/aventuraputreyork.com\/wp-content\/uploads\/2023\/06\/aventura-putreyork-jpg.jpg\",\"width\":1500,\"height\":1500,\"caption\":\"PutreYork\"},\"image\":{\"@id\":\"https:\/\/aventuraputreyork.com\/#\/schema\/logo\/image\/\"},\"sameAs\":[\"https:\/\/web.facebook.com\/aventuraputreyork?_rdc=1&_rdr\",\"https:\/\/www.instagram.com\/aventuraputreyork\/\",\"https:\/\/www.youtube.com\/@putreyork8925\"]}]}<\/script>\n<!-- \/ Yoast SEO plugin. -->","yoast_head_json":{"title":"Programa A\u00f1o Nuevo y Verano en Iquique - PutreYork","robots":{"index":"index","follow":"follow","max-snippet":"max-snippet:-1","max-image-preview":"max-image-preview:large","max-video-preview":"max-video-preview:-1"},"canonical":"https:\/\/aventuraputreyork.com\/en\/product\/programa-ano-nuevo-y-verano-en-iquique\/","og_locale":"en_US","og_type":"article","og_title":"Programa A\u00f1o Nuevo y Verano en Iquique - PutreYork","og_description":"Programas\u00a04 D\u00edas\u00a0- 3 Noches. Todo Incluido   Fechas confirmadas 31 Diciembre al 3 de Enero 2026 22 al 24 de Enero 2026 \u00a0 Tambi\u00e9n se puede ejecutar en otras fechas. Previa coordinaci\u00f3n.    Tarifas - USD 620 x persona.\u00a0 - $570.000 x persona. IVA incluido","og_url":"https:\/\/aventuraputreyork.com\/en\/product\/programa-ano-nuevo-y-verano-en-iquique\/","og_site_name":"PutreYork","article_publisher":"https:\/\/web.facebook.com\/aventuraputreyork?_rdc=1&_rdr","article_modified_time":"2025-12-18T17:29:42+00:00","og_image":[{"width":629,"height":768,"url":"https:\/\/aventuraputreyork.com\/wp-content\/uploads\/2025\/12\/696819646.jpg","type":"image\/jpeg"}],"twitter_card":"summary_large_image","twitter_misc":{"Est. reading time":"2 minutes"},"schema":{"@context":"https:\/\/schema.org","@graph":[{"@type":"WebPage","@id":"https:\/\/aventuraputreyork.com\/producto\/programa-ano-nuevo-y-verano-en-iquique\/","url":"https:\/\/aventuraputreyork.com\/producto\/programa-ano-nuevo-y-verano-en-iquique\/","name":"Programa A\u00f1o Nuevo y Verano en Iquique - PutreYork","isPartOf":{"@id":"https:\/\/aventuraputreyork.com\/#website"},"primaryImageOfPage":{"@id":"https:\/\/aventuraputreyork.com\/producto\/programa-ano-nuevo-y-verano-en-iquique\/#primaryimage"},"image":{"@id":"https:\/\/aventuraputreyork.com\/producto\/programa-ano-nuevo-y-verano-en-iquique\/#primaryimage"},"thumbnailUrl":"https:\/\/aventuraputreyork.com\/wp-content\/uploads\/2025\/12\/696819646.jpg","datePublished":"2025-12-18T16:53:29+00:00","dateModified":"2025-12-18T17:29:42+00:00","breadcrumb":{"@id":"https:\/\/aventuraputreyork.com\/producto\/programa-ano-nuevo-y-verano-en-iquique\/#breadcrumb"},"inLanguage":"en-US","potentialAction":[{"@type":"ReadAction","target":["https:\/\/aventuraputreyork.com\/producto\/programa-ano-nuevo-y-verano-en-iquique\/"]}]},{"@type":"ImageObject","inLanguage":"en-US","@id":"https:\/\/aventuraputreyork.com\/producto\/programa-ano-nuevo-y-verano-en-iquique\/#primaryimage","url":"https:\/\/aventuraputreyork.com\/wp-content\/uploads\/2025\/12\/696819646.jpg","contentUrl":"https:\/\/aventuraputreyork.com\/wp-content\/uploads\/2025\/12\/696819646.jpg","width":629,"height":768},{"@type":"BreadcrumbList","@id":"https:\/\/aventuraputreyork.com\/producto\/programa-ano-nuevo-y-verano-en-iquique\/#breadcrumb","itemListElement":[{"@type":"ListItem","position":1,"name":"Portada","item":"https:\/\/aventuraputreyork.com\/"},{"@type":"ListItem","position":2,"name":"Tienda","item":"https:\/\/aventuraputreyork.com\/tienda\/"},{"@type":"ListItem","position":3,"name":"Programa A\u00f1o Nuevo y Verano en Iquique"}]},{"@type":"WebSite","@id":"https:\/\/aventuraputreyork.com\/#website","url":"https:\/\/aventuraputreyork.com\/","name":"PutreYork","description":"Agencia de turismo especializada en la regi\u00f3n de Arica y Parinacota","publisher":{"@id":"https:\/\/aventuraputreyork.com\/#organization"},"potentialAction":[{"@type":"SearchAction","target":{"@type":"EntryPoint","urlTemplate":"https:\/\/aventuraputreyork.com\/?s={search_term_string}"},"query-input":{"@type":"PropertyValueSpecification","valueRequired":true,"valueName":"search_term_string"}}],"inLanguage":"en-US"},{"@type":"Organization","@id":"https:\/\/aventuraputreyork.com\/#organization","name":"PutreYork","url":"https:\/\/aventuraputreyork.com\/","logo":{"@type":"ImageObject","inLanguage":"en-US","@id":"https:\/\/aventuraputreyork.com\/#\/schema\/logo\/image\/","url":"https:\/\/aventuraputreyork.com\/wp-content\/uploads\/2023\/06\/aventura-putreyork-jpg.jpg","contentUrl":"https:\/\/aventuraputreyork.com\/wp-content\/uploads\/2023\/06\/aventura-putreyork-jpg.jpg","width":1500,"height":1500,"caption":"PutreYork"},"image":{"@id":"https:\/\/aventuraputreyork.com\/#\/schema\/logo\/image\/"},"sameAs":["https:\/\/web.facebook.com\/aventuraputreyork?_rdc=1&_rdr","https:\/\/www.instagram.com\/aventuraputreyork\/","https:\/\/www.youtube.com\/@putreyork8925"]}]}},"_links":{"self":[{"href":"https:\/\/aventuraputreyork.com\/en\/wp-json\/wp\/v2\/product\/22440","targetHints":{"allow":["GET"]}}],"collection":[{"href":"https:\/\/aventuraputreyork.com\/en\/wp-json\/wp\/v2\/product"}],"about":[{"href":"https:\/\/aventuraputreyork.com\/en\/wp-json\/wp\/v2\/types\/product"}],"version-history":[{"count":3,"href":"https:\/\/aventuraputreyork.com\/en\/wp-json\/wp\/v2\/product\/22440\/revisions"}],"predecessor-version":[{"id":22448,"href":"https:\/\/aventuraputreyork.com\/en\/wp-json\/wp\/v2\/product\/22440\/revisions\/22448"}],"wp:featuredmedia":[{"embeddable":true,"href":"https:\/\/aventuraputreyork.com\/en\/wp-json\/wp\/v2\/media\/22442"}],"wp:attachment":[{"href":"https:\/\/aventuraputreyork.com\/en\/wp-json\/wp\/v2\/media?parent=22440"}],"wp:term":[{"taxonomy":"product_brand","embeddable":true,"href":"https:\/\/aventuraputreyork.com\/en\/wp-json\/wp\/v2\/product_brand?post=22440"},{"taxonomy":"product_cat","embeddable":true,"href":"https:\/\/aventuraputreyork.com\/en\/wp-json\/wp\/v2\/product_cat?post=22440"},{"taxonomy":"product_tag","embeddable":true,"href":"https:\/\/aventuraputreyork.com\/en\/wp-json\/wp\/v2\/product_tag?post=22440"}],"curies":[{"name":"wp","href":"https:\/\/api.w.org\/{rel}","templated":true}]}}