{"id":22095,"date":"2025-09-22T21:40:38","date_gmt":"2025-09-23T01:40:38","guid":{"rendered":"https:\/\/aventuraputreyork.com\/?post_type=product&#038;p=22095"},"modified":"2025-09-23T21:19:48","modified_gmt":"2025-09-24T01:19:48","slug":"trekking-faro-san-isidro","status":"publish","type":"product","link":"https:\/\/aventuraputreyork.com\/en\/product\/trekking-faro-san-isidro\/","title":{"rendered":"Trekking Faro San Isidro"},"content":{"rendered":"<h2 class=\"mb-3 text-capitalize\">Itinerario<\/h2>\n<div class=\"mb-3\">\n<p>El tour inicia desde su lugar de alojamiento (\u00c1rea urbana), el horario de recogida de pasajeros es entre 8:00 a 8:30 am. Nos dirigiremos al sur por la ruta 9 hasta llegar a Punta \u00c1rbol, un trayecto de aproximadamente 70 km.<\/p>\n<p>Una vez en Punta \u00c1rbol, comenzaremos la caminata hacia el Faro San Isidro. El sendero tiene una distancia de 5,5 km aproximadamente y se camina por una playa de guijarros.<\/p>\n<p>La caminata de ida tomar\u00e1 aproximadamente 2 horas, durante las cuales identificaremos la flora y fauna t\u00edpicas de la zona.<\/p>\n<p>Nuestro recorrido puede cambiar por condiciones clim\u00e1ticas como la marea o la lluvia, que aumentan el caudal de las vertientes. Tomamos medidas correspondientes, como buscar un cruce m\u00e1s angosto en el bosque o construir un puente provisional con un tronco.<\/p>\n<p>Finalmente, llegamos al Faro San Isidro, donde tenemos una vista panor\u00e1mica del Estrecho de Magallanes, Isla Dawson, Cordillera Darwin y la Pen\u00ednsula de Brunswick en su m\u00e1ximo esplendor si las condiciones de nubosidad lo permiten.<\/p>\n<p>Una vez en el Faro San Isidro realizaremos una parada de 30 o 40 min aproximadamente para alimentarse, hidratarse y contemplar el lugar, regresamos por el mismo circuito, dos horas de caminata.<\/p>\n<p>Horario de termino del tour en Punta Arenas a partir de las 16:00 hrs app.<\/p>\n<\/div>\n<h2 class=\"mb-3 text-capitalize\">Incluido en el Tour<\/h2>\n<div class=\"mb-3\">\n<p>\ud83d\udfe2Guia Biling\u00fce.<\/p>\n<p>\ud83d\udfe2Traslado desde su lugar de alojamiento (\u00c1rea Urbana).<\/p>\n<p>\ud83d\udfe2Bastones de Trekking.<\/p>\n<\/div>\n<h2 class=\"mb-3 text-capitalize\">No incluido en el tour<\/h2>\n<div class=\"mb-3\">\n<p><strong>\ud83d\udd34<\/strong>Alimentaci\u00f3n (Llevar colaci\u00f3n).<\/p>\n<\/div>","protected":false},"excerpt":{"rendered":"<ul>\n<li><strong>Valor:<\/strong><\/li>\n<li>General (13 a m\u00e1s) <strong>55,000 CLP.<\/strong><\/li>\n<li>Ni\u00f1os (4 a 12 a\u00f1os) <strong>35,000 CLP.<\/strong><\/li>\n<li>Infantes (0 a 3 a\u00f1os) <strong>Liberado.<\/strong><\/li>\n<li><strong>People:<\/strong> M\u00ednimo 2 Pasajeros, M\u00e1ximo 10<\/li>\n<\/ul>","protected":false},"featured_media":22072,"template":"","meta":[],"product_brand":[],"product_cat":[92],"product_tag":[],"class_list":{"0":"post-22095","1":"product","2":"type-product","3":"status-publish","4":"has-post-thumbnail","6":"product_cat-tour-a-magallanes","8":"first","9":"instock","10":"featured","11":"virtual","12":"sold-individually","13":"purchasable","14":"product-type-booking"},"yoast_head":"<!-- This site is optimized with the Yoast SEO plugin v27.0 - https:\/\/yoast.com\/product\/yoast-seo-wordpress\/ -->\n<title>Trekking Faro San Isidro - PutreYork<\/title>\n<meta name=\"robots\" content=\"index, follow, max-snippet:-1, max-image-preview:large, max-video-preview:-1\" \/>\n<link rel=\"canonical\" href=\"https:\/\/aventuraputreyork.com\/en\/product\/trekking-faro-san-isidro\/\" \/>\n<meta property=\"og:locale\" content=\"en_US\" \/>\n<meta property=\"og:type\" content=\"article\" \/>\n<meta property=\"og:title\" content=\"Trekking Faro San Isidro - PutreYork\" \/>\n<meta property=\"og:description\" content=\"Valor:  General (13 a m\u00e1s) 55,000 CLP.  Ni\u00f1os (4 a 12 a\u00f1os) 35,000 CLP.  Infantes (0 a 3 a\u00f1os) Liberado.  Personas: M\u00ednimo 2 Pasajeros, M\u00e1ximo 10\" \/>\n<meta property=\"og:url\" content=\"https:\/\/aventuraputreyork.com\/en\/product\/trekking-faro-san-isidro\/\" \/>\n<meta property=\"og:site_name\" content=\"PutreYork\" \/>\n<meta property=\"article:publisher\" content=\"https:\/\/web.facebook.com\/aventuraputreyork?_rdc=1&amp;_rdr\" \/>\n<meta property=\"article:modified_time\" content=\"2025-09-24T01:19:48+00:00\" \/>\n<meta property=\"og:image\" content=\"https:\/\/aventuraputreyork.com\/wp-content\/uploads\/2025\/09\/Faro-San-Isidro-Caminos-Tours-3-scaled.jpg\" \/>\n\t<meta property=\"og:image:width\" content=\"2560\" \/>\n\t<meta property=\"og:image:height\" content=\"1572\" \/>\n\t<meta property=\"og:image:type\" content=\"image\/jpeg\" \/>\n<meta name=\"twitter:card\" content=\"summary_large_image\" \/>\n<meta name=\"twitter:label1\" content=\"Est. reading time\" \/>\n\t<meta name=\"twitter:data1\" content=\"2 minutes\" \/>\n<script type=\"application\/ld+json\" class=\"yoast-schema-graph\">{\"@context\":\"https:\/\/schema.org\",\"@graph\":[{\"@type\":\"WebPage\",\"@id\":\"https:\/\/aventuraputreyork.com\/producto\/trekking-faro-san-isidro\/\",\"url\":\"https:\/\/aventuraputreyork.com\/producto\/trekking-faro-san-isidro\/\",\"name\":\"Trekking Faro San Isidro - PutreYork\",\"isPartOf\":{\"@id\":\"https:\/\/aventuraputreyork.com\/#website\"},\"primaryImageOfPage\":{\"@id\":\"https:\/\/aventuraputreyork.com\/producto\/trekking-faro-san-isidro\/#primaryimage\"},\"image\":{\"@id\":\"https:\/\/aventuraputreyork.com\/producto\/trekking-faro-san-isidro\/#primaryimage\"},\"thumbnailUrl\":\"https:\/\/aventuraputreyork.com\/wp-content\/uploads\/2025\/09\/Faro-San-Isidro-Caminos-Tours-3-scaled.jpg\",\"datePublished\":\"2025-09-23T01:40:38+00:00\",\"dateModified\":\"2025-09-24T01:19:48+00:00\",\"breadcrumb\":{\"@id\":\"https:\/\/aventuraputreyork.com\/producto\/trekking-faro-san-isidro\/#breadcrumb\"},\"inLanguage\":\"en-US\",\"potentialAction\":[{\"@type\":\"ReadAction\",\"target\":[\"https:\/\/aventuraputreyork.com\/producto\/trekking-faro-san-isidro\/\"]}]},{\"@type\":\"ImageObject\",\"inLanguage\":\"en-US\",\"@id\":\"https:\/\/aventuraputreyork.com\/producto\/trekking-faro-san-isidro\/#primaryimage\",\"url\":\"https:\/\/aventuraputreyork.com\/wp-content\/uploads\/2025\/09\/Faro-San-Isidro-Caminos-Tours-3-scaled.jpg\",\"contentUrl\":\"https:\/\/aventuraputreyork.com\/wp-content\/uploads\/2025\/09\/Faro-San-Isidro-Caminos-Tours-3-scaled.jpg\",\"width\":2560,\"height\":1572},{\"@type\":\"BreadcrumbList\",\"@id\":\"https:\/\/aventuraputreyork.com\/producto\/trekking-faro-san-isidro\/#breadcrumb\",\"itemListElement\":[{\"@type\":\"ListItem\",\"position\":1,\"name\":\"Portada\",\"item\":\"https:\/\/aventuraputreyork.com\/\"},{\"@type\":\"ListItem\",\"position\":2,\"name\":\"Tienda\",\"item\":\"https:\/\/aventuraputreyork.com\/tienda\/\"},{\"@type\":\"ListItem\",\"position\":3,\"name\":\"Trekking Faro San Isidro\"}]},{\"@type\":\"WebSite\",\"@id\":\"https:\/\/aventuraputreyork.com\/#website\",\"url\":\"https:\/\/aventuraputreyork.com\/\",\"name\":\"PutreYork\",\"description\":\"Agencia de turismo especializada en la regi\u00f3n de Arica y Parinacota\",\"publisher\":{\"@id\":\"https:\/\/aventuraputreyork.com\/#organization\"},\"potentialAction\":[{\"@type\":\"SearchAction\",\"target\":{\"@type\":\"EntryPoint\",\"urlTemplate\":\"https:\/\/aventuraputreyork.com\/?s={search_term_string}\"},\"query-input\":{\"@type\":\"PropertyValueSpecification\",\"valueRequired\":true,\"valueName\":\"search_term_string\"}}],\"inLanguage\":\"en-US\"},{\"@type\":\"Organization\",\"@id\":\"https:\/\/aventuraputreyork.com\/#organization\",\"name\":\"PutreYork\",\"url\":\"https:\/\/aventuraputreyork.com\/\",\"logo\":{\"@type\":\"ImageObject\",\"inLanguage\":\"en-US\",\"@id\":\"https:\/\/aventuraputreyork.com\/#\/schema\/logo\/image\/\",\"url\":\"https:\/\/aventuraputreyork.com\/wp-content\/uploads\/2023\/06\/aventura-putreyork-jpg.jpg\",\"contentUrl\":\"https:\/\/aventuraputreyork.com\/wp-content\/uploads\/2023\/06\/aventura-putreyork-jpg.jpg\",\"width\":1500,\"height\":1500,\"caption\":\"PutreYork\"},\"image\":{\"@id\":\"https:\/\/aventuraputreyork.com\/#\/schema\/logo\/image\/\"},\"sameAs\":[\"https:\/\/web.facebook.com\/aventuraputreyork?_rdc=1&_rdr\",\"https:\/\/www.instagram.com\/aventuraputreyork\/\",\"https:\/\/www.youtube.com\/@putreyork8925\"]}]}<\/script>\n<!-- \/ Yoast SEO plugin. -->","yoast_head_json":{"title":"Trekking Faro San Isidro - PutreYork","robots":{"index":"index","follow":"follow","max-snippet":"max-snippet:-1","max-image-preview":"max-image-preview:large","max-video-preview":"max-video-preview:-1"},"canonical":"https:\/\/aventuraputreyork.com\/en\/product\/trekking-faro-san-isidro\/","og_locale":"en_US","og_type":"article","og_title":"Trekking Faro San Isidro - PutreYork","og_description":"Valor:  General (13 a m\u00e1s) 55,000 CLP.  Ni\u00f1os (4 a 12 a\u00f1os) 35,000 CLP.  Infantes (0 a 3 a\u00f1os) Liberado.  Personas: M\u00ednimo 2 Pasajeros, M\u00e1ximo 10","og_url":"https:\/\/aventuraputreyork.com\/en\/product\/trekking-faro-san-isidro\/","og_site_name":"PutreYork","article_publisher":"https:\/\/web.facebook.com\/aventuraputreyork?_rdc=1&_rdr","article_modified_time":"2025-09-24T01:19:48+00:00","og_image":[{"width":2560,"height":1572,"url":"https:\/\/aventuraputreyork.com\/wp-content\/uploads\/2025\/09\/Faro-San-Isidro-Caminos-Tours-3-scaled.jpg","type":"image\/jpeg"}],"twitter_card":"summary_large_image","twitter_misc":{"Est. reading time":"2 minutes"},"schema":{"@context":"https:\/\/schema.org","@graph":[{"@type":"WebPage","@id":"https:\/\/aventuraputreyork.com\/producto\/trekking-faro-san-isidro\/","url":"https:\/\/aventuraputreyork.com\/producto\/trekking-faro-san-isidro\/","name":"Trekking Faro San Isidro - PutreYork","isPartOf":{"@id":"https:\/\/aventuraputreyork.com\/#website"},"primaryImageOfPage":{"@id":"https:\/\/aventuraputreyork.com\/producto\/trekking-faro-san-isidro\/#primaryimage"},"image":{"@id":"https:\/\/aventuraputreyork.com\/producto\/trekking-faro-san-isidro\/#primaryimage"},"thumbnailUrl":"https:\/\/aventuraputreyork.com\/wp-content\/uploads\/2025\/09\/Faro-San-Isidro-Caminos-Tours-3-scaled.jpg","datePublished":"2025-09-23T01:40:38+00:00","dateModified":"2025-09-24T01:19:48+00:00","breadcrumb":{"@id":"https:\/\/aventuraputreyork.com\/producto\/trekking-faro-san-isidro\/#breadcrumb"},"inLanguage":"en-US","potentialAction":[{"@type":"ReadAction","target":["https:\/\/aventuraputreyork.com\/producto\/trekking-faro-san-isidro\/"]}]},{"@type":"ImageObject","inLanguage":"en-US","@id":"https:\/\/aventuraputreyork.com\/producto\/trekking-faro-san-isidro\/#primaryimage","url":"https:\/\/aventuraputreyork.com\/wp-content\/uploads\/2025\/09\/Faro-San-Isidro-Caminos-Tours-3-scaled.jpg","contentUrl":"https:\/\/aventuraputreyork.com\/wp-content\/uploads\/2025\/09\/Faro-San-Isidro-Caminos-Tours-3-scaled.jpg","width":2560,"height":1572},{"@type":"BreadcrumbList","@id":"https:\/\/aventuraputreyork.com\/producto\/trekking-faro-san-isidro\/#breadcrumb","itemListElement":[{"@type":"ListItem","position":1,"name":"Portada","item":"https:\/\/aventuraputreyork.com\/"},{"@type":"ListItem","position":2,"name":"Tienda","item":"https:\/\/aventuraputreyork.com\/tienda\/"},{"@type":"ListItem","position":3,"name":"Trekking Faro San Isidro"}]},{"@type":"WebSite","@id":"https:\/\/aventuraputreyork.com\/#website","url":"https:\/\/aventuraputreyork.com\/","name":"PutreYork","description":"Agencia de turismo especializada en la regi\u00f3n de Arica y Parinacota","publisher":{"@id":"https:\/\/aventuraputreyork.com\/#organization"},"potentialAction":[{"@type":"SearchAction","target":{"@type":"EntryPoint","urlTemplate":"https:\/\/aventuraputreyork.com\/?s={search_term_string}"},"query-input":{"@type":"PropertyValueSpecification","valueRequired":true,"valueName":"search_term_string"}}],"inLanguage":"en-US"},{"@type":"Organization","@id":"https:\/\/aventuraputreyork.com\/#organization","name":"PutreYork","url":"https:\/\/aventuraputreyork.com\/","logo":{"@type":"ImageObject","inLanguage":"en-US","@id":"https:\/\/aventuraputreyork.com\/#\/schema\/logo\/image\/","url":"https:\/\/aventuraputreyork.com\/wp-content\/uploads\/2023\/06\/aventura-putreyork-jpg.jpg","contentUrl":"https:\/\/aventuraputreyork.com\/wp-content\/uploads\/2023\/06\/aventura-putreyork-jpg.jpg","width":1500,"height":1500,"caption":"PutreYork"},"image":{"@id":"https:\/\/aventuraputreyork.com\/#\/schema\/logo\/image\/"},"sameAs":["https:\/\/web.facebook.com\/aventuraputreyork?_rdc=1&_rdr","https:\/\/www.instagram.com\/aventuraputreyork\/","https:\/\/www.youtube.com\/@putreyork8925"]}]}},"_links":{"self":[{"href":"https:\/\/aventuraputreyork.com\/en\/wp-json\/wp\/v2\/product\/22095","targetHints":{"allow":["GET"]}}],"collection":[{"href":"https:\/\/aventuraputreyork.com\/en\/wp-json\/wp\/v2\/product"}],"about":[{"href":"https:\/\/aventuraputreyork.com\/en\/wp-json\/wp\/v2\/types\/product"}],"version-history":[{"count":4,"href":"https:\/\/aventuraputreyork.com\/en\/wp-json\/wp\/v2\/product\/22095\/revisions"}],"predecessor-version":[{"id":22099,"href":"https:\/\/aventuraputreyork.com\/en\/wp-json\/wp\/v2\/product\/22095\/revisions\/22099"}],"wp:featuredmedia":[{"embeddable":true,"href":"https:\/\/aventuraputreyork.com\/en\/wp-json\/wp\/v2\/media\/22072"}],"wp:attachment":[{"href":"https:\/\/aventuraputreyork.com\/en\/wp-json\/wp\/v2\/media?parent=22095"}],"wp:term":[{"taxonomy":"product_brand","embeddable":true,"href":"https:\/\/aventuraputreyork.com\/en\/wp-json\/wp\/v2\/product_brand?post=22095"},{"taxonomy":"product_cat","embeddable":true,"href":"https:\/\/aventuraputreyork.com\/en\/wp-json\/wp\/v2\/product_cat?post=22095"},{"taxonomy":"product_tag","embeddable":true,"href":"https:\/\/aventuraputreyork.com\/en\/wp-json\/wp\/v2\/product_tag?post=22095"}],"curies":[{"name":"wp","href":"https:\/\/api.w.org\/{rel}","templated":true}]}}