{"id":22060,"date":"2025-09-22T21:30:05","date_gmt":"2025-09-23T01:30:05","guid":{"rendered":"https:\/\/aventuraputreyork.com\/?post_type=product&#038;p=22060"},"modified":"2025-09-23T22:08:11","modified_gmt":"2025-09-24T02:08:11","slug":"full-day-torres-del-paine","status":"publish","type":"product","link":"https:\/\/aventuraputreyork.com\/en\/product\/full-day-torres-del-paine\/","title":{"rendered":"Full Day Torres de Paine"},"content":{"rendered":"<h2 class=\"mb-3 text-capitalize\">Itinerario<\/h2>\n<div class=\"mb-3\">\n<p>Pick up a las 05:00 hrs, desde tu alojamiento (radio urbano)\u00a0 para dirigirnos hacia Puerto Natales (3 horas aproximadamente).<\/p>\n<p>Desde all\u00ed, nos dirigiremos al monumento natural Cueva del Milod\u00f3n, donde exploraremos la historia de este extinto animal y su descubrimiento, en una caminata guiada por la cueva. Despu\u00e9s de esta experiencia fascinante, nos dirigiremos hacia el ic\u00f3nico Parque Nacional Torres del Paine. Haremos varias paradas para disfrutar de impresionantes vistas, incluyendo miradores del lago Sarmiento, laguna Amarga, y la cascada Paine.<\/p>\n<p>Tambi\u00e9n, realizaremos una parada en el camping del pehoe (30 min app, tiempo de colaci\u00f3n). Visitaremos lugares emblem\u00e1ticos como el Mirador Nordenskj\u00f6ld, donde podr\u00e1s apreciar los majestuosos Cuernos del Paine. Continuaremos nuestro viaje hasta el Lago Grey, donde caminaremos por un sendero que nos llevar\u00e1 a admirar los t\u00e9mpanos de hielo del Glaciar Grey. Despu\u00e9s de esta experiencia, emprenderemos el retorno a Punta Arenas, llegando aproximadamente a partir de las 20:30 hrs app.<\/p>\n<p><em>*La visita a la Cueva del Milod\u00f3n puede ser al inicio o al final del recorrido, todo depender\u00e1 de las condiciones clim\u00e1ticas del d\u00eda*.<\/em><\/p>\n<p><em>*Los t\u00e9mpanos de hielo en el Lago Grey pueden estar presentes o no, todo depender\u00e1 de las condiciones de viento*.<\/em><\/p>\n<\/div>\n<h2 class=\"mb-3 text-capitalize\">\u00a0 Incluido en el Tour<\/h2>\n<div class=\"mb-3\">\n<p><strong>Incluido en el tour<\/strong><\/p>\n<p>\ud83d\udfe2Guia Biling\u00fce.<\/p>\n<p>\ud83d\udfe2Traslado desde su lugar de alojamiento (\u00c1rea Urbana).<\/p>\n<p><strong>No incluido en el tour<\/strong><\/p>\n<p><strong>\ud83d\udd34<\/strong>Alimentaci\u00f3n (Llevar colaci\u00f3n).<\/p>\n<p><strong>\ud83d\udd34<\/strong>Entradas &#8211; Parque Nacional Torres del Paine y Cueva del Milod\u00f3n. Comprar en www.pasesparques.cl<\/p>\n<\/div>","protected":false},"excerpt":{"rendered":"<ul>\n<li><strong>Valor:<\/strong><\/li>\n<\/ul>\n<p>Desde Punta Arenas<\/p>\n<ul>\n<li>General (13 a m\u00e1s) <strong>78,000 CLP.<\/strong><\/li>\n<li>Ni\u00f1os (8 a 12 a\u00f1os) <strong>55,000 CLP.<\/strong><\/li>\n<li>Infantes (0 a 3 a\u00f1os), <strong>Liberado.<\/strong><\/li>\n<\/ul>\n<p>Desde Puerto Natales<\/p>\n<ul>\n<li>General (13 a m\u00e1s) <strong>68,000 CLP.<\/strong><\/li>\n<li>Ni\u00f1os (8 a 12 a\u00f1os) <strong>45,000 CLP.<\/strong><\/li>\n<li>Infantes (0 a 3 a\u00f1os), <strong>Liberado.<\/strong><\/li>\n<li><\/li>\n<li><strong>People:<\/strong> M\u00ednimo 2 Pasajeros, M\u00e1ximo 10<\/li>\n<\/ul>","protected":false},"featured_media":22064,"template":"","meta":[],"product_brand":[],"product_cat":[92],"product_tag":[],"class_list":{"0":"post-22060","1":"product","2":"type-product","3":"status-publish","4":"has-post-thumbnail","6":"product_cat-tour-a-magallanes","8":"first","9":"instock","10":"featured","11":"virtual","12":"sold-individually","13":"purchasable","14":"product-type-booking"},"yoast_head":"<!-- This site is optimized with the Yoast SEO plugin v27.0 - https:\/\/yoast.com\/product\/yoast-seo-wordpress\/ -->\n<title>Full Day Torres de Paine - PutreYork<\/title>\n<meta name=\"robots\" content=\"index, follow, max-snippet:-1, max-image-preview:large, max-video-preview:-1\" \/>\n<link rel=\"canonical\" href=\"https:\/\/aventuraputreyork.com\/en\/product\/full-day-torres-del-paine\/\" \/>\n<meta property=\"og:locale\" content=\"en_US\" \/>\n<meta property=\"og:type\" content=\"article\" \/>\n<meta property=\"og:title\" content=\"Full Day Torres de Paine - PutreYork\" \/>\n<meta property=\"og:description\" content=\"Valor:  Desde Punta Arenas   General (13 a m\u00e1s) 78,000 CLP.  Ni\u00f1os (8 a 12 a\u00f1os) 55,000 CLP.  Infantes (0 a 3 a\u00f1os), Liberado.  Desde Puerto Natales   General (13 a m\u00e1s) 68,000 CLP.  Ni\u00f1os (8 a 12 a\u00f1os) 45,000 CLP.  Infantes (0 a 3 a\u00f1os), Liberado.    Personas: M\u00ednimo 2 Pasajeros, M\u00e1ximo 10\" \/>\n<meta property=\"og:url\" content=\"https:\/\/aventuraputreyork.com\/en\/product\/full-day-torres-del-paine\/\" \/>\n<meta property=\"og:site_name\" content=\"PutreYork\" \/>\n<meta property=\"article:publisher\" content=\"https:\/\/web.facebook.com\/aventuraputreyork?_rdc=1&amp;_rdr\" \/>\n<meta property=\"article:modified_time\" content=\"2025-09-24T02:08:11+00:00\" \/>\n<meta property=\"og:image\" content=\"https:\/\/aventuraputreyork.com\/wp-content\/uploads\/2025\/09\/Torres-del-Paine-Caminos-Tours-4-scaled.jpg\" \/>\n\t<meta property=\"og:image:width\" content=\"2560\" \/>\n\t<meta property=\"og:image:height\" content=\"1920\" \/>\n\t<meta property=\"og:image:type\" content=\"image\/jpeg\" \/>\n<meta name=\"twitter:card\" content=\"summary_large_image\" \/>\n<meta name=\"twitter:label1\" content=\"Est. reading time\" \/>\n\t<meta name=\"twitter:data1\" content=\"2 minutes\" \/>\n<script type=\"application\/ld+json\" class=\"yoast-schema-graph\">{\"@context\":\"https:\/\/schema.org\",\"@graph\":[{\"@type\":\"WebPage\",\"@id\":\"https:\/\/aventuraputreyork.com\/producto\/full-day-torres-del-paine\/\",\"url\":\"https:\/\/aventuraputreyork.com\/producto\/full-day-torres-del-paine\/\",\"name\":\"Full Day Torres de Paine - PutreYork\",\"isPartOf\":{\"@id\":\"https:\/\/aventuraputreyork.com\/#website\"},\"primaryImageOfPage\":{\"@id\":\"https:\/\/aventuraputreyork.com\/producto\/full-day-torres-del-paine\/#primaryimage\"},\"image\":{\"@id\":\"https:\/\/aventuraputreyork.com\/producto\/full-day-torres-del-paine\/#primaryimage\"},\"thumbnailUrl\":\"https:\/\/aventuraputreyork.com\/wp-content\/uploads\/2025\/09\/Torres-del-Paine-Caminos-Tours-4-scaled.jpg\",\"datePublished\":\"2025-09-23T01:30:05+00:00\",\"dateModified\":\"2025-09-24T02:08:11+00:00\",\"breadcrumb\":{\"@id\":\"https:\/\/aventuraputreyork.com\/producto\/full-day-torres-del-paine\/#breadcrumb\"},\"inLanguage\":\"en-US\",\"potentialAction\":[{\"@type\":\"ReadAction\",\"target\":[\"https:\/\/aventuraputreyork.com\/producto\/full-day-torres-del-paine\/\"]}]},{\"@type\":\"ImageObject\",\"inLanguage\":\"en-US\",\"@id\":\"https:\/\/aventuraputreyork.com\/producto\/full-day-torres-del-paine\/#primaryimage\",\"url\":\"https:\/\/aventuraputreyork.com\/wp-content\/uploads\/2025\/09\/Torres-del-Paine-Caminos-Tours-4-scaled.jpg\",\"contentUrl\":\"https:\/\/aventuraputreyork.com\/wp-content\/uploads\/2025\/09\/Torres-del-Paine-Caminos-Tours-4-scaled.jpg\",\"width\":2560,\"height\":1920},{\"@type\":\"BreadcrumbList\",\"@id\":\"https:\/\/aventuraputreyork.com\/producto\/full-day-torres-del-paine\/#breadcrumb\",\"itemListElement\":[{\"@type\":\"ListItem\",\"position\":1,\"name\":\"Portada\",\"item\":\"https:\/\/aventuraputreyork.com\/\"},{\"@type\":\"ListItem\",\"position\":2,\"name\":\"Tienda\",\"item\":\"https:\/\/aventuraputreyork.com\/tienda\/\"},{\"@type\":\"ListItem\",\"position\":3,\"name\":\"Full Day Torres de Paine\"}]},{\"@type\":\"WebSite\",\"@id\":\"https:\/\/aventuraputreyork.com\/#website\",\"url\":\"https:\/\/aventuraputreyork.com\/\",\"name\":\"PutreYork\",\"description\":\"Agencia de turismo especializada en la regi\u00f3n de Arica y Parinacota\",\"publisher\":{\"@id\":\"https:\/\/aventuraputreyork.com\/#organization\"},\"potentialAction\":[{\"@type\":\"SearchAction\",\"target\":{\"@type\":\"EntryPoint\",\"urlTemplate\":\"https:\/\/aventuraputreyork.com\/?s={search_term_string}\"},\"query-input\":{\"@type\":\"PropertyValueSpecification\",\"valueRequired\":true,\"valueName\":\"search_term_string\"}}],\"inLanguage\":\"en-US\"},{\"@type\":\"Organization\",\"@id\":\"https:\/\/aventuraputreyork.com\/#organization\",\"name\":\"PutreYork\",\"url\":\"https:\/\/aventuraputreyork.com\/\",\"logo\":{\"@type\":\"ImageObject\",\"inLanguage\":\"en-US\",\"@id\":\"https:\/\/aventuraputreyork.com\/#\/schema\/logo\/image\/\",\"url\":\"https:\/\/aventuraputreyork.com\/wp-content\/uploads\/2023\/06\/aventura-putreyork-jpg.jpg\",\"contentUrl\":\"https:\/\/aventuraputreyork.com\/wp-content\/uploads\/2023\/06\/aventura-putreyork-jpg.jpg\",\"width\":1500,\"height\":1500,\"caption\":\"PutreYork\"},\"image\":{\"@id\":\"https:\/\/aventuraputreyork.com\/#\/schema\/logo\/image\/\"},\"sameAs\":[\"https:\/\/web.facebook.com\/aventuraputreyork?_rdc=1&_rdr\",\"https:\/\/www.instagram.com\/aventuraputreyork\/\",\"https:\/\/www.youtube.com\/@putreyork8925\"]}]}<\/script>\n<!-- \/ Yoast SEO plugin. -->","yoast_head_json":{"title":"Full Day Torres de Paine - PutreYork","robots":{"index":"index","follow":"follow","max-snippet":"max-snippet:-1","max-image-preview":"max-image-preview:large","max-video-preview":"max-video-preview:-1"},"canonical":"https:\/\/aventuraputreyork.com\/en\/product\/full-day-torres-del-paine\/","og_locale":"en_US","og_type":"article","og_title":"Full Day Torres de Paine - PutreYork","og_description":"Valor:  Desde Punta Arenas   General (13 a m\u00e1s) 78,000 CLP.  Ni\u00f1os (8 a 12 a\u00f1os) 55,000 CLP.  Infantes (0 a 3 a\u00f1os), Liberado.  Desde Puerto Natales   General (13 a m\u00e1s) 68,000 CLP.  Ni\u00f1os (8 a 12 a\u00f1os) 45,000 CLP.  Infantes (0 a 3 a\u00f1os), Liberado.    Personas: M\u00ednimo 2 Pasajeros, M\u00e1ximo 10","og_url":"https:\/\/aventuraputreyork.com\/en\/product\/full-day-torres-del-paine\/","og_site_name":"PutreYork","article_publisher":"https:\/\/web.facebook.com\/aventuraputreyork?_rdc=1&_rdr","article_modified_time":"2025-09-24T02:08:11+00:00","og_image":[{"width":2560,"height":1920,"url":"https:\/\/aventuraputreyork.com\/wp-content\/uploads\/2025\/09\/Torres-del-Paine-Caminos-Tours-4-scaled.jpg","type":"image\/jpeg"}],"twitter_card":"summary_large_image","twitter_misc":{"Est. reading time":"2 minutes"},"schema":{"@context":"https:\/\/schema.org","@graph":[{"@type":"WebPage","@id":"https:\/\/aventuraputreyork.com\/producto\/full-day-torres-del-paine\/","url":"https:\/\/aventuraputreyork.com\/producto\/full-day-torres-del-paine\/","name":"Full Day Torres de Paine - PutreYork","isPartOf":{"@id":"https:\/\/aventuraputreyork.com\/#website"},"primaryImageOfPage":{"@id":"https:\/\/aventuraputreyork.com\/producto\/full-day-torres-del-paine\/#primaryimage"},"image":{"@id":"https:\/\/aventuraputreyork.com\/producto\/full-day-torres-del-paine\/#primaryimage"},"thumbnailUrl":"https:\/\/aventuraputreyork.com\/wp-content\/uploads\/2025\/09\/Torres-del-Paine-Caminos-Tours-4-scaled.jpg","datePublished":"2025-09-23T01:30:05+00:00","dateModified":"2025-09-24T02:08:11+00:00","breadcrumb":{"@id":"https:\/\/aventuraputreyork.com\/producto\/full-day-torres-del-paine\/#breadcrumb"},"inLanguage":"en-US","potentialAction":[{"@type":"ReadAction","target":["https:\/\/aventuraputreyork.com\/producto\/full-day-torres-del-paine\/"]}]},{"@type":"ImageObject","inLanguage":"en-US","@id":"https:\/\/aventuraputreyork.com\/producto\/full-day-torres-del-paine\/#primaryimage","url":"https:\/\/aventuraputreyork.com\/wp-content\/uploads\/2025\/09\/Torres-del-Paine-Caminos-Tours-4-scaled.jpg","contentUrl":"https:\/\/aventuraputreyork.com\/wp-content\/uploads\/2025\/09\/Torres-del-Paine-Caminos-Tours-4-scaled.jpg","width":2560,"height":1920},{"@type":"BreadcrumbList","@id":"https:\/\/aventuraputreyork.com\/producto\/full-day-torres-del-paine\/#breadcrumb","itemListElement":[{"@type":"ListItem","position":1,"name":"Portada","item":"https:\/\/aventuraputreyork.com\/"},{"@type":"ListItem","position":2,"name":"Tienda","item":"https:\/\/aventuraputreyork.com\/tienda\/"},{"@type":"ListItem","position":3,"name":"Full Day Torres de Paine"}]},{"@type":"WebSite","@id":"https:\/\/aventuraputreyork.com\/#website","url":"https:\/\/aventuraputreyork.com\/","name":"PutreYork","description":"Agencia de turismo especializada en la regi\u00f3n de Arica y Parinacota","publisher":{"@id":"https:\/\/aventuraputreyork.com\/#organization"},"potentialAction":[{"@type":"SearchAction","target":{"@type":"EntryPoint","urlTemplate":"https:\/\/aventuraputreyork.com\/?s={search_term_string}"},"query-input":{"@type":"PropertyValueSpecification","valueRequired":true,"valueName":"search_term_string"}}],"inLanguage":"en-US"},{"@type":"Organization","@id":"https:\/\/aventuraputreyork.com\/#organization","name":"PutreYork","url":"https:\/\/aventuraputreyork.com\/","logo":{"@type":"ImageObject","inLanguage":"en-US","@id":"https:\/\/aventuraputreyork.com\/#\/schema\/logo\/image\/","url":"https:\/\/aventuraputreyork.com\/wp-content\/uploads\/2023\/06\/aventura-putreyork-jpg.jpg","contentUrl":"https:\/\/aventuraputreyork.com\/wp-content\/uploads\/2023\/06\/aventura-putreyork-jpg.jpg","width":1500,"height":1500,"caption":"PutreYork"},"image":{"@id":"https:\/\/aventuraputreyork.com\/#\/schema\/logo\/image\/"},"sameAs":["https:\/\/web.facebook.com\/aventuraputreyork?_rdc=1&_rdr","https:\/\/www.instagram.com\/aventuraputreyork\/","https:\/\/www.youtube.com\/@putreyork8925"]}]}},"_links":{"self":[{"href":"https:\/\/aventuraputreyork.com\/en\/wp-json\/wp\/v2\/product\/22060","targetHints":{"allow":["GET"]}}],"collection":[{"href":"https:\/\/aventuraputreyork.com\/en\/wp-json\/wp\/v2\/product"}],"about":[{"href":"https:\/\/aventuraputreyork.com\/en\/wp-json\/wp\/v2\/types\/product"}],"version-history":[{"count":6,"href":"https:\/\/aventuraputreyork.com\/en\/wp-json\/wp\/v2\/product\/22060\/revisions"}],"predecessor-version":[{"id":22084,"href":"https:\/\/aventuraputreyork.com\/en\/wp-json\/wp\/v2\/product\/22060\/revisions\/22084"}],"wp:featuredmedia":[{"embeddable":true,"href":"https:\/\/aventuraputreyork.com\/en\/wp-json\/wp\/v2\/media\/22064"}],"wp:attachment":[{"href":"https:\/\/aventuraputreyork.com\/en\/wp-json\/wp\/v2\/media?parent=22060"}],"wp:term":[{"taxonomy":"product_brand","embeddable":true,"href":"https:\/\/aventuraputreyork.com\/en\/wp-json\/wp\/v2\/product_brand?post=22060"},{"taxonomy":"product_cat","embeddable":true,"href":"https:\/\/aventuraputreyork.com\/en\/wp-json\/wp\/v2\/product_cat?post=22060"},{"taxonomy":"product_tag","embeddable":true,"href":"https:\/\/aventuraputreyork.com\/en\/wp-json\/wp\/v2\/product_tag?post=22060"}],"curies":[{"name":"wp","href":"https:\/\/api.w.org\/{rel}","templated":true}]}}