{"id":1226,"date":"2023-01-25T16:38:08","date_gmt":"2023-01-25T20:38:08","guid":{"rendered":"https:\/\/aventuraputreyork.com\/?post_type=product&#038;p=1226"},"modified":"2026-04-05T12:41:41","modified_gmt":"2026-04-05T15:41:41","slug":"choquelimpe","status":"publish","type":"product","link":"https:\/\/aventuraputreyork.com\/en\/product\/choquelimpe\/","title":{"rendered":"Trekking Choquelimpe"},"content":{"rendered":"<p class=\"cvGsUA direction-ltr align-start para-style-body translation-block\">Between 8:00 and 9:00 a.m., as previously arranged with the passenger, we will pick you up from your hotel in Putre and head toward Cerro Choquelimpe\u2014a spectacular summit located in the heart of the Chilean Altiplano.<\/p>\n<p class=\"cvGsUA direction-ltr align-start para-style-body translation-block\">We\u2019ll stop at the base of the mountain and from there begin a high-difficulty trekking route, which will take between 8 to 10 hours, depending on the group\u2019s pace. The effort will be worth it, as we\u2019ll ascend to an altitude of 5,350 meters above sea level (17,552 feet), with an elevation gain of 764 meters (2,507 feet), starting from the CONAF ranger station located at Lake Chungar\u00e1.<\/p>\n<p class=\"cvGsUA direction-ltr align-start para-style-body translation-block\">A perfect altitude to enjoy unforgettable views of the Payachatas, Kimsachatas, and the spectacular Sajama Volcano!<\/p>\n<p class=\"cvGsUA direction-ltr align-start para-style-body\"><span class=\"OYPEnA font-feature-liga-off font-feature-clig-off font-feature-calt-off text-decoration-none text-strikethrough-none\">We\u2019ll take a break to calmly enjoy all these landscapes and have a snack. After eating, we\u2019ll begin the gradual descent back to the starting point.<\/span><\/p>\n<p class=\"cvGsUA direction-ltr align-start para-style-body translation-block\">Finally, we will return to your hotel in Putre between 6:00 and 7:00 p.m.<\/p>\n<p class=\"translation-block\">Includes: Shared transportation, first aid kit, Spanish-speaking driver-guide, and en-route snack. Small group tour with a minimum of 2 passengers.<\/p>\n<p class=\"translation-block\">Not Included: English-speaking guide, alcoholic beverages, soft drinks or juices, cold and hot bottled water<\/p>","protected":false},"excerpt":{"rendered":"<ul>\n<li><strong>Value in Chilean pesos:<\/strong> $105.000<\/li>\n<li class=\"translation-block\">Participants: Minimum 2 passengers, maximum 6.<\/li>\n<\/ul>","protected":false},"featured_media":22774,"template":"","meta":[],"product_brand":[],"product_cat":[24],"product_tag":[],"class_list":{"0":"post-1226","1":"product","2":"type-product","3":"status-publish","4":"has-post-thumbnail","6":"product_cat-trekking-alta-montana","8":"first","9":"instock","10":"virtual","11":"sold-individually","12":"purchasable","13":"product-type-booking"},"yoast_head":"<!-- This site is optimized with the Yoast SEO plugin v27.0 - https:\/\/yoast.com\/product\/yoast-seo-wordpress\/ -->\n<title>Trekking Choquelimpe - PutreYork<\/title>\n<meta name=\"description\" content=\"Trekking de alta monta\u00f1a en Choquelimpe a 5.300 msnm de altura, incluye raci\u00f3n de marcha, traslados desde putre y gu\u00edas certificados.\" \/>\n<meta name=\"robots\" content=\"index, follow, max-snippet:-1, max-image-preview:large, max-video-preview:-1\" \/>\n<link rel=\"canonical\" href=\"https:\/\/aventuraputreyork.com\/en\/product\/choquelimpe\/\" \/>\n<meta property=\"og:locale\" content=\"en_US\" \/>\n<meta property=\"og:type\" content=\"article\" \/>\n<meta property=\"og:title\" content=\"Trekking Choquelimpe - PutreYork\" \/>\n<meta property=\"og:description\" content=\"Trekking de alta monta\u00f1a en Choquelimpe a 5.300 msnm de altura, incluye raci\u00f3n de marcha, traslados desde putre y gu\u00edas certificados.\" \/>\n<meta property=\"og:url\" content=\"https:\/\/aventuraputreyork.com\/en\/product\/choquelimpe\/\" \/>\n<meta property=\"og:site_name\" content=\"PutreYork\" \/>\n<meta property=\"article:publisher\" content=\"https:\/\/web.facebook.com\/aventuraputreyork?_rdc=1&amp;_rdr\" \/>\n<meta property=\"article:modified_time\" content=\"2026-04-05T15:41:41+00:00\" \/>\n<meta property=\"og:image\" content=\"https:\/\/aventuraputreyork.com\/wp-content\/uploads\/2023\/01\/56-819x1024.png\" \/>\n\t<meta property=\"og:image:width\" content=\"819\" \/>\n\t<meta property=\"og:image:height\" content=\"1024\" \/>\n\t<meta property=\"og:image:type\" content=\"image\/png\" \/>\n<meta name=\"twitter:card\" content=\"summary_large_image\" \/>\n<meta name=\"twitter:label1\" content=\"Est. reading time\" \/>\n\t<meta name=\"twitter:data1\" content=\"2 minutes\" \/>\n<script type=\"application\/ld+json\" class=\"yoast-schema-graph\">{\"@context\":\"https:\/\/schema.org\",\"@graph\":[{\"@type\":\"WebPage\",\"@id\":\"https:\/\/aventuraputreyork.com\/producto\/choquelimpe\/\",\"url\":\"https:\/\/aventuraputreyork.com\/producto\/choquelimpe\/\",\"name\":\"Trekking Choquelimpe - PutreYork\",\"isPartOf\":{\"@id\":\"https:\/\/aventuraputreyork.com\/#website\"},\"primaryImageOfPage\":{\"@id\":\"https:\/\/aventuraputreyork.com\/producto\/choquelimpe\/#primaryimage\"},\"image\":{\"@id\":\"https:\/\/aventuraputreyork.com\/producto\/choquelimpe\/#primaryimage\"},\"thumbnailUrl\":\"https:\/\/aventuraputreyork.com\/wp-content\/uploads\/2023\/01\/56-scaled.png\",\"datePublished\":\"2023-01-25T20:38:08+00:00\",\"dateModified\":\"2026-04-05T15:41:41+00:00\",\"description\":\"Trekking de alta monta\u00f1a en Choquelimpe a 5.300 msnm de altura, incluye raci\u00f3n de marcha, traslados desde putre y gu\u00edas certificados.\",\"breadcrumb\":{\"@id\":\"https:\/\/aventuraputreyork.com\/producto\/choquelimpe\/#breadcrumb\"},\"inLanguage\":\"en-US\",\"potentialAction\":[{\"@type\":\"ReadAction\",\"target\":[\"https:\/\/aventuraputreyork.com\/producto\/choquelimpe\/\"]}]},{\"@type\":\"ImageObject\",\"inLanguage\":\"en-US\",\"@id\":\"https:\/\/aventuraputreyork.com\/producto\/choquelimpe\/#primaryimage\",\"url\":\"https:\/\/aventuraputreyork.com\/wp-content\/uploads\/2023\/01\/56-scaled.png\",\"contentUrl\":\"https:\/\/aventuraputreyork.com\/wp-content\/uploads\/2023\/01\/56-scaled.png\",\"width\":2048,\"height\":2560},{\"@type\":\"BreadcrumbList\",\"@id\":\"https:\/\/aventuraputreyork.com\/producto\/choquelimpe\/#breadcrumb\",\"itemListElement\":[{\"@type\":\"ListItem\",\"position\":1,\"name\":\"Portada\",\"item\":\"https:\/\/aventuraputreyork.com\/\"},{\"@type\":\"ListItem\",\"position\":2,\"name\":\"Tienda\",\"item\":\"https:\/\/aventuraputreyork.com\/tienda\/\"},{\"@type\":\"ListItem\",\"position\":3,\"name\":\"Trekking Choquelimpe\"}]},{\"@type\":\"WebSite\",\"@id\":\"https:\/\/aventuraputreyork.com\/#website\",\"url\":\"https:\/\/aventuraputreyork.com\/\",\"name\":\"PutreYork\",\"description\":\"Agencia de turismo especializada en la regi\u00f3n de Arica y Parinacota\",\"publisher\":{\"@id\":\"https:\/\/aventuraputreyork.com\/#organization\"},\"potentialAction\":[{\"@type\":\"SearchAction\",\"target\":{\"@type\":\"EntryPoint\",\"urlTemplate\":\"https:\/\/aventuraputreyork.com\/?s={search_term_string}\"},\"query-input\":{\"@type\":\"PropertyValueSpecification\",\"valueRequired\":true,\"valueName\":\"search_term_string\"}}],\"inLanguage\":\"en-US\"},{\"@type\":\"Organization\",\"@id\":\"https:\/\/aventuraputreyork.com\/#organization\",\"name\":\"PutreYork\",\"url\":\"https:\/\/aventuraputreyork.com\/\",\"logo\":{\"@type\":\"ImageObject\",\"inLanguage\":\"en-US\",\"@id\":\"https:\/\/aventuraputreyork.com\/#\/schema\/logo\/image\/\",\"url\":\"https:\/\/aventuraputreyork.com\/wp-content\/uploads\/2023\/06\/aventura-putreyork-jpg.jpg\",\"contentUrl\":\"https:\/\/aventuraputreyork.com\/wp-content\/uploads\/2023\/06\/aventura-putreyork-jpg.jpg\",\"width\":1500,\"height\":1500,\"caption\":\"PutreYork\"},\"image\":{\"@id\":\"https:\/\/aventuraputreyork.com\/#\/schema\/logo\/image\/\"},\"sameAs\":[\"https:\/\/web.facebook.com\/aventuraputreyork?_rdc=1&_rdr\",\"https:\/\/www.instagram.com\/aventuraputreyork\/\",\"https:\/\/www.youtube.com\/@putreyork8925\"]}]}<\/script>\n<!-- \/ Yoast SEO plugin. -->","yoast_head_json":{"title":"Trekking Choquelimpe - PutreYork","description":"Trekking de alta monta\u00f1a en Choquelimpe a 5.300 msnm de altura, incluye raci\u00f3n de marcha, traslados desde putre y gu\u00edas certificados.","robots":{"index":"index","follow":"follow","max-snippet":"max-snippet:-1","max-image-preview":"max-image-preview:large","max-video-preview":"max-video-preview:-1"},"canonical":"https:\/\/aventuraputreyork.com\/en\/product\/choquelimpe\/","og_locale":"en_US","og_type":"article","og_title":"Trekking Choquelimpe - PutreYork","og_description":"Trekking de alta monta\u00f1a en Choquelimpe a 5.300 msnm de altura, incluye raci\u00f3n de marcha, traslados desde putre y gu\u00edas certificados.","og_url":"https:\/\/aventuraputreyork.com\/en\/product\/choquelimpe\/","og_site_name":"PutreYork","article_publisher":"https:\/\/web.facebook.com\/aventuraputreyork?_rdc=1&_rdr","article_modified_time":"2026-04-05T15:41:41+00:00","og_image":[{"width":819,"height":1024,"url":"https:\/\/aventuraputreyork.com\/wp-content\/uploads\/2023\/01\/56-819x1024.png","type":"image\/png"}],"twitter_card":"summary_large_image","twitter_misc":{"Est. reading time":"2 minutes"},"schema":{"@context":"https:\/\/schema.org","@graph":[{"@type":"WebPage","@id":"https:\/\/aventuraputreyork.com\/producto\/choquelimpe\/","url":"https:\/\/aventuraputreyork.com\/producto\/choquelimpe\/","name":"Trekking Choquelimpe - PutreYork","isPartOf":{"@id":"https:\/\/aventuraputreyork.com\/#website"},"primaryImageOfPage":{"@id":"https:\/\/aventuraputreyork.com\/producto\/choquelimpe\/#primaryimage"},"image":{"@id":"https:\/\/aventuraputreyork.com\/producto\/choquelimpe\/#primaryimage"},"thumbnailUrl":"https:\/\/aventuraputreyork.com\/wp-content\/uploads\/2023\/01\/56-scaled.png","datePublished":"2023-01-25T20:38:08+00:00","dateModified":"2026-04-05T15:41:41+00:00","description":"Trekking de alta monta\u00f1a en Choquelimpe a 5.300 msnm de altura, incluye raci\u00f3n de marcha, traslados desde putre y gu\u00edas certificados.","breadcrumb":{"@id":"https:\/\/aventuraputreyork.com\/producto\/choquelimpe\/#breadcrumb"},"inLanguage":"en-US","potentialAction":[{"@type":"ReadAction","target":["https:\/\/aventuraputreyork.com\/producto\/choquelimpe\/"]}]},{"@type":"ImageObject","inLanguage":"en-US","@id":"https:\/\/aventuraputreyork.com\/producto\/choquelimpe\/#primaryimage","url":"https:\/\/aventuraputreyork.com\/wp-content\/uploads\/2023\/01\/56-scaled.png","contentUrl":"https:\/\/aventuraputreyork.com\/wp-content\/uploads\/2023\/01\/56-scaled.png","width":2048,"height":2560},{"@type":"BreadcrumbList","@id":"https:\/\/aventuraputreyork.com\/producto\/choquelimpe\/#breadcrumb","itemListElement":[{"@type":"ListItem","position":1,"name":"Portada","item":"https:\/\/aventuraputreyork.com\/"},{"@type":"ListItem","position":2,"name":"Tienda","item":"https:\/\/aventuraputreyork.com\/tienda\/"},{"@type":"ListItem","position":3,"name":"Trekking Choquelimpe"}]},{"@type":"WebSite","@id":"https:\/\/aventuraputreyork.com\/#website","url":"https:\/\/aventuraputreyork.com\/","name":"PutreYork","description":"Agencia de turismo especializada en la regi\u00f3n de Arica y Parinacota","publisher":{"@id":"https:\/\/aventuraputreyork.com\/#organization"},"potentialAction":[{"@type":"SearchAction","target":{"@type":"EntryPoint","urlTemplate":"https:\/\/aventuraputreyork.com\/?s={search_term_string}"},"query-input":{"@type":"PropertyValueSpecification","valueRequired":true,"valueName":"search_term_string"}}],"inLanguage":"en-US"},{"@type":"Organization","@id":"https:\/\/aventuraputreyork.com\/#organization","name":"PutreYork","url":"https:\/\/aventuraputreyork.com\/","logo":{"@type":"ImageObject","inLanguage":"en-US","@id":"https:\/\/aventuraputreyork.com\/#\/schema\/logo\/image\/","url":"https:\/\/aventuraputreyork.com\/wp-content\/uploads\/2023\/06\/aventura-putreyork-jpg.jpg","contentUrl":"https:\/\/aventuraputreyork.com\/wp-content\/uploads\/2023\/06\/aventura-putreyork-jpg.jpg","width":1500,"height":1500,"caption":"PutreYork"},"image":{"@id":"https:\/\/aventuraputreyork.com\/#\/schema\/logo\/image\/"},"sameAs":["https:\/\/web.facebook.com\/aventuraputreyork?_rdc=1&_rdr","https:\/\/www.instagram.com\/aventuraputreyork\/","https:\/\/www.youtube.com\/@putreyork8925"]}]}},"_links":{"self":[{"href":"https:\/\/aventuraputreyork.com\/en\/wp-json\/wp\/v2\/product\/1226","targetHints":{"allow":["GET"]}}],"collection":[{"href":"https:\/\/aventuraputreyork.com\/en\/wp-json\/wp\/v2\/product"}],"about":[{"href":"https:\/\/aventuraputreyork.com\/en\/wp-json\/wp\/v2\/types\/product"}],"version-history":[{"count":14,"href":"https:\/\/aventuraputreyork.com\/en\/wp-json\/wp\/v2\/product\/1226\/revisions"}],"predecessor-version":[{"id":22787,"href":"https:\/\/aventuraputreyork.com\/en\/wp-json\/wp\/v2\/product\/1226\/revisions\/22787"}],"wp:featuredmedia":[{"embeddable":true,"href":"https:\/\/aventuraputreyork.com\/en\/wp-json\/wp\/v2\/media\/22774"}],"wp:attachment":[{"href":"https:\/\/aventuraputreyork.com\/en\/wp-json\/wp\/v2\/media?parent=1226"}],"wp:term":[{"taxonomy":"product_brand","embeddable":true,"href":"https:\/\/aventuraputreyork.com\/en\/wp-json\/wp\/v2\/product_brand?post=1226"},{"taxonomy":"product_cat","embeddable":true,"href":"https:\/\/aventuraputreyork.com\/en\/wp-json\/wp\/v2\/product_cat?post=1226"},{"taxonomy":"product_tag","embeddable":true,"href":"https:\/\/aventuraputreyork.com\/en\/wp-json\/wp\/v2\/product_tag?post=1226"}],"curies":[{"name":"wp","href":"https:\/\/api.w.org\/{rel}","templated":true}]}}