{"id":1196,"date":"2023-01-25T15:45:24","date_gmt":"2023-01-25T19:45:24","guid":{"rendered":"https:\/\/aventuraputreyork.com\/?post_type=product&#038;p=1196"},"modified":"2026-04-19T20:48:36","modified_gmt":"2026-04-19T23:48:36","slug":"willacaurane-petacane","status":"publish","type":"product","link":"https:\/\/aventuraputreyork.com\/en\/product\/willacaurane-petacane\/","title":{"rendered":"Trekking Willacaurane Petacane"},"content":{"rendered":"<p class=\"cvGsUA direction-ltr align-start para-style-body translation-block\">At 8:00 a.m., we will pick you up from your hotel in Putre and head toward the foothills of the Parinacota Province, located in the north of the country.<\/p>\n<p class=\"cvGsUA direction-ltr align-start para-style-body translation-block\">We will make our first stop at an altitude of 3,150 meters, where we will begin the initial stage of a trekking route that will take approximately 1.5 hours. This first hike will be toward Willacaurane, where the route mainly involves descending. This is an important archaeological site with rock paintings estimated to be between 4,000 and 6,000 years old.<\/p>\n<p class=\"cvGsUA direction-ltr align-start para-style-body translation-block\">After exploring these prehistoric works of art, we will head toward Cerro Petacane.<\/p>\n<p class=\"cvGsUA direction-ltr align-start para-style-body translation-block\">This will be a slightly steeper trek, requiring greater effort. On this Andean hill, Aymara traditions and customs are practiced in combination with Catholicism, with the \u201cCruz de Mayo\u201d ceremony standing out in particular.\nWe will continue with the second stage of the trekking route, which lasts between 3 and 4 hours, allowing us to enjoy the stunning pre-cordillera landscapes at 3,540 meters above sea level.<\/p>\n<p class=\"cvGsUA direction-ltr align-start para-style-body translation-block\">We\u2019ll stop in these captivating landscapes to rest and recharge with an en-route snack. After eating, we\u2019ll continue exploring this beautiful natural area in northern Chile.<\/p>\n<p class=\"cvGsUA direction-ltr align-start para-style-body\"><span class=\"OYPEnA font-feature-liga-off font-feature-clig-off font-feature-calt-off text-decoration-none text-strikethrough-none\">To return to the town of Putre, we will descend from Cerro Petacane through the Pampa de Lluscuma and head back to your hotel. The estimated arrival time is between 1:00 PM and 2:00 PM.<\/span><\/p>\n<p class=\"translation-block\">Included: Shared transportation, first aid kit, Spanish-speaking driver-guide, and en-route snack. If you require a private tour or an English-speaking guide, pricing can be arranged. There is plenty of time to plan your visit. Small group tours with a minimum of 2 passengers.<\/p>\n<p class=\"translation-block\">Not Included: English-speaking guide, alcoholic beverages, soft drinks or juices, cold or hot water.<\/p>","protected":false},"excerpt":{"rendered":"<ul>\n<li><strong>Value in Chilean pesos:<\/strong> $33.000<\/li>\n<li class=\"translation-block\">Participants: Minimum 2 passengers, maximum 6.<\/li>\n<\/ul>","protected":false},"featured_media":22830,"template":"","meta":[],"product_brand":[],"product_cat":[35],"product_tag":[],"class_list":{"0":"post-1196","1":"product","2":"type-product","3":"status-publish","4":"has-post-thumbnail","6":"product_cat-trekking-media-montana","8":"first","9":"instock","10":"virtual","11":"sold-individually","12":"purchasable","13":"product-type-booking"},"yoast_head":"<!-- This site is optimized with the Yoast SEO plugin v27.0 - https:\/\/yoast.com\/product\/yoast-seo-wordpress\/ -->\n<title>Trekking Willacaurane Petacane - PutreYork<\/title>\n<meta name=\"description\" content=\"Trekking de media monta\u00f1a hacia Willacaurane Petacane 3.560 msnm de altura, incluye gu\u00edas certificados, raci\u00f3n de marcha y traslados desde putre.\" \/>\n<meta name=\"robots\" content=\"index, follow, max-snippet:-1, max-image-preview:large, max-video-preview:-1\" \/>\n<link rel=\"canonical\" href=\"https:\/\/aventuraputreyork.com\/en\/product\/willacaurane-petacane\/\" \/>\n<meta property=\"og:locale\" content=\"en_US\" \/>\n<meta property=\"og:type\" content=\"article\" \/>\n<meta property=\"og:title\" content=\"Trekking Willacaurane Petacane - PutreYork\" \/>\n<meta property=\"og:description\" content=\"Trekking de media monta\u00f1a hacia Willacaurane Petacane 3.560 msnm de altura, incluye gu\u00edas certificados, raci\u00f3n de marcha y traslados desde putre.\" \/>\n<meta property=\"og:url\" content=\"https:\/\/aventuraputreyork.com\/en\/product\/willacaurane-petacane\/\" \/>\n<meta property=\"og:site_name\" content=\"PutreYork\" \/>\n<meta property=\"article:publisher\" content=\"https:\/\/web.facebook.com\/aventuraputreyork?_rdc=1&amp;_rdr\" \/>\n<meta property=\"article:modified_time\" content=\"2026-04-19T23:48:36+00:00\" \/>\n<meta property=\"og:image\" content=\"https:\/\/aventuraputreyork.com\/wp-content\/uploads\/2023\/01\/20260403_183157-scaled.jpg\" \/>\n\t<meta property=\"og:image:width\" content=\"2560\" \/>\n\t<meta property=\"og:image:height\" content=\"1772\" \/>\n\t<meta property=\"og:image:type\" content=\"image\/jpeg\" \/>\n<meta name=\"twitter:card\" content=\"summary_large_image\" \/>\n<meta name=\"twitter:label1\" content=\"Est. reading time\" \/>\n\t<meta name=\"twitter:data1\" content=\"2 minutes\" \/>\n<script type=\"application\/ld+json\" class=\"yoast-schema-graph\">{\"@context\":\"https:\/\/schema.org\",\"@graph\":[{\"@type\":\"WebPage\",\"@id\":\"https:\/\/aventuraputreyork.com\/producto\/willacaurane-petacane\/\",\"url\":\"https:\/\/aventuraputreyork.com\/producto\/willacaurane-petacane\/\",\"name\":\"Trekking Willacaurane Petacane - PutreYork\",\"isPartOf\":{\"@id\":\"https:\/\/aventuraputreyork.com\/#website\"},\"primaryImageOfPage\":{\"@id\":\"https:\/\/aventuraputreyork.com\/producto\/willacaurane-petacane\/#primaryimage\"},\"image\":{\"@id\":\"https:\/\/aventuraputreyork.com\/producto\/willacaurane-petacane\/#primaryimage\"},\"thumbnailUrl\":\"https:\/\/aventuraputreyork.com\/wp-content\/uploads\/2023\/01\/20260403_183157-scaled.jpg\",\"datePublished\":\"2023-01-25T19:45:24+00:00\",\"dateModified\":\"2026-04-19T23:48:36+00:00\",\"description\":\"Trekking de media monta\u00f1a hacia Willacaurane Petacane 3.560 msnm de altura, incluye gu\u00edas certificados, raci\u00f3n de marcha y traslados desde putre.\",\"breadcrumb\":{\"@id\":\"https:\/\/aventuraputreyork.com\/producto\/willacaurane-petacane\/#breadcrumb\"},\"inLanguage\":\"en-US\",\"potentialAction\":[{\"@type\":\"ReadAction\",\"target\":[\"https:\/\/aventuraputreyork.com\/producto\/willacaurane-petacane\/\"]}]},{\"@type\":\"ImageObject\",\"inLanguage\":\"en-US\",\"@id\":\"https:\/\/aventuraputreyork.com\/producto\/willacaurane-petacane\/#primaryimage\",\"url\":\"https:\/\/aventuraputreyork.com\/wp-content\/uploads\/2023\/01\/20260403_183157-scaled.jpg\",\"contentUrl\":\"https:\/\/aventuraputreyork.com\/wp-content\/uploads\/2023\/01\/20260403_183157-scaled.jpg\",\"width\":2560,\"height\":1772},{\"@type\":\"BreadcrumbList\",\"@id\":\"https:\/\/aventuraputreyork.com\/producto\/willacaurane-petacane\/#breadcrumb\",\"itemListElement\":[{\"@type\":\"ListItem\",\"position\":1,\"name\":\"Portada\",\"item\":\"https:\/\/aventuraputreyork.com\/\"},{\"@type\":\"ListItem\",\"position\":2,\"name\":\"Tienda\",\"item\":\"https:\/\/aventuraputreyork.com\/tienda\/\"},{\"@type\":\"ListItem\",\"position\":3,\"name\":\"Trekking Willacaurane Petacane\"}]},{\"@type\":\"WebSite\",\"@id\":\"https:\/\/aventuraputreyork.com\/#website\",\"url\":\"https:\/\/aventuraputreyork.com\/\",\"name\":\"PutreYork\",\"description\":\"Agencia de turismo especializada en la regi\u00f3n de Arica y Parinacota\",\"publisher\":{\"@id\":\"https:\/\/aventuraputreyork.com\/#organization\"},\"potentialAction\":[{\"@type\":\"SearchAction\",\"target\":{\"@type\":\"EntryPoint\",\"urlTemplate\":\"https:\/\/aventuraputreyork.com\/?s={search_term_string}\"},\"query-input\":{\"@type\":\"PropertyValueSpecification\",\"valueRequired\":true,\"valueName\":\"search_term_string\"}}],\"inLanguage\":\"en-US\"},{\"@type\":\"Organization\",\"@id\":\"https:\/\/aventuraputreyork.com\/#organization\",\"name\":\"PutreYork\",\"url\":\"https:\/\/aventuraputreyork.com\/\",\"logo\":{\"@type\":\"ImageObject\",\"inLanguage\":\"en-US\",\"@id\":\"https:\/\/aventuraputreyork.com\/#\/schema\/logo\/image\/\",\"url\":\"https:\/\/aventuraputreyork.com\/wp-content\/uploads\/2023\/06\/aventura-putreyork-jpg.jpg\",\"contentUrl\":\"https:\/\/aventuraputreyork.com\/wp-content\/uploads\/2023\/06\/aventura-putreyork-jpg.jpg\",\"width\":1500,\"height\":1500,\"caption\":\"PutreYork\"},\"image\":{\"@id\":\"https:\/\/aventuraputreyork.com\/#\/schema\/logo\/image\/\"},\"sameAs\":[\"https:\/\/web.facebook.com\/aventuraputreyork?_rdc=1&_rdr\",\"https:\/\/www.instagram.com\/aventuraputreyork\/\",\"https:\/\/www.youtube.com\/@putreyork8925\"]}]}<\/script>\n<!-- \/ Yoast SEO plugin. -->","yoast_head_json":{"title":"Trekking Willacaurane Petacane - PutreYork","description":"Trekking de media monta\u00f1a hacia Willacaurane Petacane 3.560 msnm de altura, incluye gu\u00edas certificados, raci\u00f3n de marcha y traslados desde putre.","robots":{"index":"index","follow":"follow","max-snippet":"max-snippet:-1","max-image-preview":"max-image-preview:large","max-video-preview":"max-video-preview:-1"},"canonical":"https:\/\/aventuraputreyork.com\/en\/product\/willacaurane-petacane\/","og_locale":"en_US","og_type":"article","og_title":"Trekking Willacaurane Petacane - PutreYork","og_description":"Trekking de media monta\u00f1a hacia Willacaurane Petacane 3.560 msnm de altura, incluye gu\u00edas certificados, raci\u00f3n de marcha y traslados desde putre.","og_url":"https:\/\/aventuraputreyork.com\/en\/product\/willacaurane-petacane\/","og_site_name":"PutreYork","article_publisher":"https:\/\/web.facebook.com\/aventuraputreyork?_rdc=1&_rdr","article_modified_time":"2026-04-19T23:48:36+00:00","og_image":[{"width":2560,"height":1772,"url":"https:\/\/aventuraputreyork.com\/wp-content\/uploads\/2023\/01\/20260403_183157-scaled.jpg","type":"image\/jpeg"}],"twitter_card":"summary_large_image","twitter_misc":{"Est. reading time":"2 minutes"},"schema":{"@context":"https:\/\/schema.org","@graph":[{"@type":"WebPage","@id":"https:\/\/aventuraputreyork.com\/producto\/willacaurane-petacane\/","url":"https:\/\/aventuraputreyork.com\/producto\/willacaurane-petacane\/","name":"Trekking Willacaurane Petacane - PutreYork","isPartOf":{"@id":"https:\/\/aventuraputreyork.com\/#website"},"primaryImageOfPage":{"@id":"https:\/\/aventuraputreyork.com\/producto\/willacaurane-petacane\/#primaryimage"},"image":{"@id":"https:\/\/aventuraputreyork.com\/producto\/willacaurane-petacane\/#primaryimage"},"thumbnailUrl":"https:\/\/aventuraputreyork.com\/wp-content\/uploads\/2023\/01\/20260403_183157-scaled.jpg","datePublished":"2023-01-25T19:45:24+00:00","dateModified":"2026-04-19T23:48:36+00:00","description":"Trekking de media monta\u00f1a hacia Willacaurane Petacane 3.560 msnm de altura, incluye gu\u00edas certificados, raci\u00f3n de marcha y traslados desde putre.","breadcrumb":{"@id":"https:\/\/aventuraputreyork.com\/producto\/willacaurane-petacane\/#breadcrumb"},"inLanguage":"en-US","potentialAction":[{"@type":"ReadAction","target":["https:\/\/aventuraputreyork.com\/producto\/willacaurane-petacane\/"]}]},{"@type":"ImageObject","inLanguage":"en-US","@id":"https:\/\/aventuraputreyork.com\/producto\/willacaurane-petacane\/#primaryimage","url":"https:\/\/aventuraputreyork.com\/wp-content\/uploads\/2023\/01\/20260403_183157-scaled.jpg","contentUrl":"https:\/\/aventuraputreyork.com\/wp-content\/uploads\/2023\/01\/20260403_183157-scaled.jpg","width":2560,"height":1772},{"@type":"BreadcrumbList","@id":"https:\/\/aventuraputreyork.com\/producto\/willacaurane-petacane\/#breadcrumb","itemListElement":[{"@type":"ListItem","position":1,"name":"Portada","item":"https:\/\/aventuraputreyork.com\/"},{"@type":"ListItem","position":2,"name":"Tienda","item":"https:\/\/aventuraputreyork.com\/tienda\/"},{"@type":"ListItem","position":3,"name":"Trekking Willacaurane Petacane"}]},{"@type":"WebSite","@id":"https:\/\/aventuraputreyork.com\/#website","url":"https:\/\/aventuraputreyork.com\/","name":"PutreYork","description":"Agencia de turismo especializada en la regi\u00f3n de Arica y Parinacota","publisher":{"@id":"https:\/\/aventuraputreyork.com\/#organization"},"potentialAction":[{"@type":"SearchAction","target":{"@type":"EntryPoint","urlTemplate":"https:\/\/aventuraputreyork.com\/?s={search_term_string}"},"query-input":{"@type":"PropertyValueSpecification","valueRequired":true,"valueName":"search_term_string"}}],"inLanguage":"en-US"},{"@type":"Organization","@id":"https:\/\/aventuraputreyork.com\/#organization","name":"PutreYork","url":"https:\/\/aventuraputreyork.com\/","logo":{"@type":"ImageObject","inLanguage":"en-US","@id":"https:\/\/aventuraputreyork.com\/#\/schema\/logo\/image\/","url":"https:\/\/aventuraputreyork.com\/wp-content\/uploads\/2023\/06\/aventura-putreyork-jpg.jpg","contentUrl":"https:\/\/aventuraputreyork.com\/wp-content\/uploads\/2023\/06\/aventura-putreyork-jpg.jpg","width":1500,"height":1500,"caption":"PutreYork"},"image":{"@id":"https:\/\/aventuraputreyork.com\/#\/schema\/logo\/image\/"},"sameAs":["https:\/\/web.facebook.com\/aventuraputreyork?_rdc=1&_rdr","https:\/\/www.instagram.com\/aventuraputreyork\/","https:\/\/www.youtube.com\/@putreyork8925"]}]}},"_links":{"self":[{"href":"https:\/\/aventuraputreyork.com\/en\/wp-json\/wp\/v2\/product\/1196","targetHints":{"allow":["GET"]}}],"collection":[{"href":"https:\/\/aventuraputreyork.com\/en\/wp-json\/wp\/v2\/product"}],"about":[{"href":"https:\/\/aventuraputreyork.com\/en\/wp-json\/wp\/v2\/types\/product"}],"version-history":[{"count":15,"href":"https:\/\/aventuraputreyork.com\/en\/wp-json\/wp\/v2\/product\/1196\/revisions"}],"predecessor-version":[{"id":22761,"href":"https:\/\/aventuraputreyork.com\/en\/wp-json\/wp\/v2\/product\/1196\/revisions\/22761"}],"wp:featuredmedia":[{"embeddable":true,"href":"https:\/\/aventuraputreyork.com\/en\/wp-json\/wp\/v2\/media\/22830"}],"wp:attachment":[{"href":"https:\/\/aventuraputreyork.com\/en\/wp-json\/wp\/v2\/media?parent=1196"}],"wp:term":[{"taxonomy":"product_brand","embeddable":true,"href":"https:\/\/aventuraputreyork.com\/en\/wp-json\/wp\/v2\/product_brand?post=1196"},{"taxonomy":"product_cat","embeddable":true,"href":"https:\/\/aventuraputreyork.com\/en\/wp-json\/wp\/v2\/product_cat?post=1196"},{"taxonomy":"product_tag","embeddable":true,"href":"https:\/\/aventuraputreyork.com\/en\/wp-json\/wp\/v2\/product_tag?post=1196"}],"curies":[{"name":"wp","href":"https:\/\/api.w.org\/{rel}","templated":true}]}}